{"id":1067,"date":"2011-01-13T14:31:55","date_gmt":"2011-01-13T13:31:55","guid":{"rendered":"http:\/\/www.algarve-abc.de\/ferienhaus-westalgarve\/?page_id=1067"},"modified":"2022-03-29T15:02:29","modified_gmt":"2022-03-29T13:02:29","slug":"ausfluge-auf-dem-fahrrad","status":"publish","type":"page","link":"https:\/\/www.algarve-abc.de\/ferienhaus-westalgarve\/ausfluge-auf-dem-fahrrad\/","title":{"rendered":"Erlebnisreiche Ausfl\u00fcge auf dem Fahrrad"},"content":{"rendered":"<p>Radsportreisen Portugal<\/p>\n<p>Sie f\u00fchlen sich urlaubsreif und m\u00f6chten doch nicht Ihren gesamten Aufenthalt nur am Strand \u201ein der Sonne brutzeln\u201c? Auch dann sind Sie bei uns genau richtig! Schwingen Sie sich auf\u00b4s Fahrrad und los geht\u00b4s! Beginnen Sie Ihren Weg direkt bei uns an der Haust\u00fcre auf eigene Faust oder w\u00e4hlen Sie eine ausgeschriebene Tour. Unendlich viele Kombinationsm\u00f6glichkeiten erlauben Ihnen das Erkunden der Landschaft in alle Richtungen, ob durch das h\u00fcgelige Hinterland, Korkeichenhaine, durch duftende Eukalyptusw\u00e4lder direkt zu den wilden Str\u00e4nden der rauen Westk\u00fcste oder \u00fcber den ausgeschilderten Radwanderweg durch idyllische D\u00f6rfer der milderen S\u00fcdk\u00fcste. Beobachten Sie auf Ihren Wegen die au\u00dfergew\u00f6hnliche Tierwelt des Naturschutzgebietes, seltene Vogelarten (St\u00f6rche, Geier und nicht selten Adler, der seltene Wellenastrild aus Angola nistet ganz in der N\u00e4he), Mangusten oder entdecken Sie gesch\u00fctzte Pflanzen, die es weltweit einzig und allein nur hier gibt. Und wenn Sie mal keine Lust auf Strand haben, l\u00e4dt ein naher Stausee zu einem Naturbad ein.<\/p>\n<p>Egal ob Sie Freizeitradler (S 0) oder schon ge\u00fcbter Mountainbiker (- S 3) sind, hier um Pedralva gibt es eine unendliche Auswahl an Trekkingtouren f\u00fcr jedes Niveau.<\/p>\n<p>Entlang an wundersch\u00f6nen Sandstr\u00e4nden, traumhaften D\u00fcnenlandschaften und Steilk\u00fcsten f\u00fchren viele unasphaltierte Wege auch zu versteckten Buchten, die nur mir dem Fahrrad oder zu Fu\u00df erreichbar sind. Dort werden Sie mit Sicherheit nur sehr wenigen Menschen begegnen, falls Sie Ihre Ferien also ganz abseits des \u201enormalen\u201c Tourismus verbringen wollen, ist das genau der richtige Weg. Das sollte auch Ihr Motto f\u00fcr Ihren Aktivurlaub sein: \u201eDer Weg ist das Ziel!\u201c, denn in kaum einer anderen Gegend ist die Natur und Umgebung sch\u00f6ner als im Naturschutzpark der Costa Vicentina, der f\u00fcr viele Menschen sch\u00f6nsten K\u00fcstenlandschaft Europas mit 300 Sonnentagen im Jahr.<\/p>\n<p>Auch die nahen St\u00e4dte Lagos, Sagres, Vila do Bispo und Aljezur liegen von uns aus nur einen Katzensprung entfernt und lassen sich wunderbar per Fahrrad erkunden. Kleine Stra\u00dfencaf\u00e9s und Restaurants, Gem\u00fcse- und Fischm\u00e4rkte, gastfreundliche Menschen, als auch kulturelle Sehensw\u00fcrdigkeiten laden zu abwechslungsreichen Tagesausfl\u00fcgen ein. Die interessante Historie Portugals ist hier allgegenw\u00e4rtig. Kirchen verschiedener Konfessionen, die Seefahrerschule Heinrich des Seefahrers, das Kap de Sao Vicente in Sagres, verschiedene kleine Burgen oder Megalite, es wird schwierig werden, all die Sehensw\u00fcrdigkeiten in nur einem Urlaub zu erkunden. Auch die bergige, h\u00fcgelige Landschaft im nahen Monchique- Gebirge ist ideal f\u00fcr ausgiebige Touren auf zwei R\u00e4dern geeignet. Hier bieten viele Guides auch gef\u00fchrte Touren an, Verleih von verschiedensten Fahrr\u00e4dern (vom Alltagsrad \u00fcber Hartail, Fully bis zum Elektrorad), Transport, Abholung, Verpflegung\u2026.hier k\u00f6nnen Sie Ihre auf sich pers\u00f6nlich abgestimmte Exkursion zusammenstellen, ganz nach Ihren Bed\u00fcrfnissen.<\/p>\n<p>Das milde Klima im Fr\u00fchjahr und Herbst bietet sich besonders an f\u00fcr einen Radurlaub, blauer Himmel, gr\u00fcne und bl\u00fchende Wiesen und angenehme Temperaturen eignen sich ideal zum Radfahren.<\/p>\n<p>Aber auch Sommer und Winter haben ihren besonderen, eigenen Reiz. Da es an der Westk\u00fcste durch die Atlantikbrise nie richtig hei\u00df und dr\u00fcckend wird, ist auch die warme Jahreszeit bestens geeignet. Viele Mountainbiker bevorzugen aber auch den Winter, wenn die Erde nicht trocken ist, die feuchten Wege ein Sliden erm\u00f6glichen und man schon mal durch den Fluss muss. Bei uns finden Sie ganzj\u00e4hrlich optimale Bedingungen.<\/p>\n<p>Verbinden Sie Entspannung und Sport, Kultur und Natur\u2026erholen Sie sich bei uns im Ferienhaus Westalgarve!<\/p>\n<p>Auch gibt es Akttivit\u00e4ten f\u00fcr Kinder an den Str\u00e4nden der Westalgarve<\/p>\n","protected":false},"excerpt":{"rendered":"<p>Radsportreisen Portugal Sie f\u00fchlen sich urlaubsreif und m\u00f6chten doch nicht Ihren gesamten Aufenthalt nur am Strand \u201ein der Sonne brutzeln\u201c? Auch dann sind Sie bei uns genau richtig! Schwingen Sie sich auf\u00b4s Fahrrad und los geht\u00b4s! Beginnen Sie Ihren Weg direkt bei uns an der Haust\u00fcre auf eigene Faust oder w\u00e4hlen Sie eine ausgeschriebene Tour. [&hellip;]<\/p>\n","protected":false},"author":1,"featured_media":0,"parent":0,"menu_order":6,"comment_status":"closed","ping_status":"closed","template":"page-templates\/page-full-width.php","meta":{"om_disable_all_campaigns":false,"_monsterinsights_skip_tracking":false,"_monsterinsights_sitenote_active":false,"_monsterinsights_sitenote_note":"","_monsterinsights_sitenote_category":0,"footnotes":""},"tags":[],"class_list":["post-1067","page","type-page","status-publish","hentry"],"aioseo_notices":[],"_links":{"self":[{"href":"https:\/\/www.algarve-abc.de\/ferienhaus-westalgarve\/wp-json\/wp\/v2\/pages\/1067","targetHints":{"allow":["GET"]}}],"collection":[{"href":"https:\/\/www.algarve-abc.de\/ferienhaus-westalgarve\/wp-json\/wp\/v2\/pages"}],"about":[{"href":"https:\/\/www.algarve-abc.de\/ferienhaus-westalgarve\/wp-json\/wp\/v2\/types\/page"}],"author":[{"embeddable":true,"href":"https:\/\/www.algarve-abc.de\/ferienhaus-westalgarve\/wp-json\/wp\/v2\/users\/1"}],"replies":[{"embeddable":true,"href":"https:\/\/www.algarve-abc.de\/ferienhaus-westalgarve\/wp-json\/wp\/v2\/comments?post=1067"}],"version-history":[{"count":2,"href":"https:\/\/www.algarve-abc.de\/ferienhaus-westalgarve\/wp-json\/wp\/v2\/pages\/1067\/revisions"}],"predecessor-version":[{"id":3569,"href":"https:\/\/www.algarve-abc.de\/ferienhaus-westalgarve\/wp-json\/wp\/v2\/pages\/1067\/revisions\/3569"}],"wp:attachment":[{"href":"https:\/\/www.algarve-abc.de\/ferienhaus-westalgarve\/wp-json\/wp\/v2\/media?parent=1067"}],"wp:term":[{"taxonomy":"post_tag","embeddable":true,"href":"https:\/\/www.algarve-abc.de\/ferienhaus-westalgarve\/wp-json\/wp\/v2\/tags?post=1067"}],"curies":[{"name":"wp","href":"https:\/\/api.w.org\/{rel}","templated":true}]}}