{"id":1781,"date":"2022-02-07T06:08:18","date_gmt":"2022-02-07T05:08:18","guid":{"rendered":"http:\/\/www.algarve-abc.de\/?page_id=1781"},"modified":"2025-07-10T12:58:55","modified_gmt":"2025-07-10T10:58:55","slug":"casa-da-nascente-in-pedralva-vila-do-bispo","status":"publish","type":"page","link":"https:\/\/www.algarve-abc.de\/ferienhaus-westalgarve\/casa-da-nascente-in-pedralva-vila-do-bispo\/","title":{"rendered":"CASA DA NASCENTE in Pedralva"},"content":{"rendered":"<h2>Ferienhaus in Pedralva<\/h2>\n<div class=\"swiper\" style=\"width: 100%; height: 600px; overflow: hidden;\"><div class=\"swiper-wrapper\">\n<div class=\"swiper-slide\">\n<div data-thumb='https:\/\/www.algarve-abc.de\/ferienhaus-westalgarve\/wp-content\/uploads\/2024\/04\/CASA-Nascente-6-scaled.jpg' style='background-image: url(https:\/\/www.algarve-abc.de\/ferienhaus-westalgarve\/wp-content\/uploads\/2024\/04\/CASA-Nascente-6-scaled.jpg); background-position: center center; background-size: contain !important; height: 100%; background-repeat: no-repeat;'>\n<img loading=\"lazy\" decoding=\"async\" src=\"https:\/\/www.algarve-abc.de\/ferienhaus-westalgarve\/wp-content\/uploads\/2024\/04\/CASA-Nascente-6-scaled.jpg\" width=\"2560\" height=\"1707\" alt=\"\" style='opacity: 0; display: none;' \/>\n<\/div>\n<\/div>\n<div class=\"swiper-slide\">\n<div data-thumb='https:\/\/www.algarve-abc.de\/ferienhaus-westalgarve\/wp-content\/uploads\/2024\/04\/CASA-Nascente-5-scaled.jpg' style='background-image: url(https:\/\/www.algarve-abc.de\/ferienhaus-westalgarve\/wp-content\/uploads\/2024\/04\/CASA-Nascente-5-scaled.jpg); background-position: center center; background-size: contain !important; height: 100%; background-repeat: no-repeat;'>\n<img loading=\"lazy\" decoding=\"async\" src=\"https:\/\/www.algarve-abc.de\/ferienhaus-westalgarve\/wp-content\/uploads\/2024\/04\/CASA-Nascente-5-scaled.jpg\" width=\"2560\" height=\"1707\" alt=\"\" style='opacity: 0; display: none;' \/>\n<\/div>\n<\/div>\n<div class=\"swiper-slide\">\n<div data-thumb='https:\/\/www.algarve-abc.de\/ferienhaus-westalgarve\/wp-content\/uploads\/2024\/04\/CASA-Nascente-3-scaled.jpg' style='background-image: url(https:\/\/www.algarve-abc.de\/ferienhaus-westalgarve\/wp-content\/uploads\/2024\/04\/CASA-Nascente-3-scaled.jpg); background-position: center center; background-size: contain !important; height: 100%; background-repeat: no-repeat;'>\n<img loading=\"lazy\" decoding=\"async\" src=\"https:\/\/www.algarve-abc.de\/ferienhaus-westalgarve\/wp-content\/uploads\/2024\/04\/CASA-Nascente-3-scaled.jpg\" width=\"2560\" height=\"1707\" alt=\"\" style='opacity: 0; display: none;' \/>\n<\/div>\n<\/div>\n<div class=\"swiper-slide\">\n<div data-thumb='https:\/\/www.algarve-abc.de\/ferienhaus-westalgarve\/wp-content\/uploads\/2024\/04\/CASA-Nascente-4-scaled.jpg' style='background-image: url(https:\/\/www.algarve-abc.de\/ferienhaus-westalgarve\/wp-content\/uploads\/2024\/04\/CASA-Nascente-4-scaled.jpg); background-position: center center; background-size: contain !important; height: 100%; background-repeat: no-repeat;'>\n<img loading=\"lazy\" decoding=\"async\" src=\"https:\/\/www.algarve-abc.de\/ferienhaus-westalgarve\/wp-content\/uploads\/2024\/04\/CASA-Nascente-4-scaled.jpg\" width=\"2560\" height=\"1707\" alt=\"\" style='opacity: 0; display: none;' \/>\n<\/div>\n<\/div>\n<div class=\"swiper-slide\">\n<div data-thumb='https:\/\/www.algarve-abc.de\/ferienhaus-westalgarve\/wp-content\/uploads\/2024\/04\/CASA-Nascente-1-scaled.jpg' style='background-image: url(https:\/\/www.algarve-abc.de\/ferienhaus-westalgarve\/wp-content\/uploads\/2024\/04\/CASA-Nascente-1-scaled.jpg); background-position: center center; background-size: contain !important; height: 100%; background-repeat: no-repeat;'>\n<img loading=\"lazy\" decoding=\"async\" src=\"https:\/\/www.algarve-abc.de\/ferienhaus-westalgarve\/wp-content\/uploads\/2024\/04\/CASA-Nascente-1-scaled.jpg\" width=\"2560\" height=\"1707\" alt=\"\" style='opacity: 0; display: none;' \/>\n<\/div>\n<\/div>\n<div class=\"swiper-slide\">\n<div data-thumb='https:\/\/www.algarve-abc.de\/ferienhaus-westalgarve\/wp-content\/uploads\/2024\/04\/CASA-Nascente-2-scaled.jpg' style='background-image: url(https:\/\/www.algarve-abc.de\/ferienhaus-westalgarve\/wp-content\/uploads\/2024\/04\/CASA-Nascente-2-scaled.jpg); background-position: center center; background-size: contain !important; height: 100%; background-repeat: no-repeat;'>\n<img loading=\"lazy\" decoding=\"async\" src=\"https:\/\/www.algarve-abc.de\/ferienhaus-westalgarve\/wp-content\/uploads\/2024\/04\/CASA-Nascente-2-scaled.jpg\" width=\"1707\" height=\"2560\" alt=\"\" style='opacity: 0; display: none;' \/>\n<\/div>\n<\/div>\n<div class=\"swiper-slide\">\n<div data-thumb='https:\/\/www.algarve-abc.de\/ferienhaus-westalgarve\/wp-content\/uploads\/2024\/04\/CASA-Nascente-10-scaled.jpg' style='background-image: url(https:\/\/www.algarve-abc.de\/ferienhaus-westalgarve\/wp-content\/uploads\/2024\/04\/CASA-Nascente-10-scaled.jpg); background-position: center center; background-size: contain !important; height: 100%; background-repeat: no-repeat;'>\n<img loading=\"lazy\" decoding=\"async\" src=\"https:\/\/www.algarve-abc.de\/ferienhaus-westalgarve\/wp-content\/uploads\/2024\/04\/CASA-Nascente-10-scaled.jpg\" width=\"1707\" height=\"2560\" alt=\"\" style='opacity: 0; display: none;' \/>\n<\/div>\n<\/div>\n<div class=\"swiper-slide\">\n<div data-thumb='https:\/\/www.algarve-abc.de\/ferienhaus-westalgarve\/wp-content\/uploads\/2024\/04\/CASA-Nascente-13-scaled.jpg' style='background-image: url(https:\/\/www.algarve-abc.de\/ferienhaus-westalgarve\/wp-content\/uploads\/2024\/04\/CASA-Nascente-13-scaled.jpg); background-position: center center; background-size: contain !important; height: 100%; background-repeat: no-repeat;'>\n<img loading=\"lazy\" decoding=\"async\" src=\"https:\/\/www.algarve-abc.de\/ferienhaus-westalgarve\/wp-content\/uploads\/2024\/04\/CASA-Nascente-13-scaled.jpg\" width=\"2560\" height=\"1707\" alt=\"\" style='opacity: 0; display: none;' \/>\n<\/div>\n<\/div>\n<div class=\"swiper-slide\">\n<div data-thumb='https:\/\/www.algarve-abc.de\/ferienhaus-westalgarve\/wp-content\/uploads\/2024\/04\/CASA-Nascente-11-scaled.jpg' style='background-image: url(https:\/\/www.algarve-abc.de\/ferienhaus-westalgarve\/wp-content\/uploads\/2024\/04\/CASA-Nascente-11-scaled.jpg); background-position: center center; background-size: contain !important; height: 100%; background-repeat: no-repeat;'>\n<img loading=\"lazy\" decoding=\"async\" src=\"https:\/\/www.algarve-abc.de\/ferienhaus-westalgarve\/wp-content\/uploads\/2024\/04\/CASA-Nascente-11-scaled.jpg\" width=\"2560\" height=\"1707\" alt=\"\" style='opacity: 0; display: none;' \/>\n<\/div>\n<\/div>\n<div class=\"swiper-slide\">\n<div data-thumb='https:\/\/www.algarve-abc.de\/ferienhaus-westalgarve\/wp-content\/uploads\/2024\/04\/CASA-Nascente-12-scaled.jpg' style='background-image: url(https:\/\/www.algarve-abc.de\/ferienhaus-westalgarve\/wp-content\/uploads\/2024\/04\/CASA-Nascente-12-scaled.jpg); background-position: center center; background-size: contain !important; height: 100%; background-repeat: no-repeat;'>\n<img loading=\"lazy\" decoding=\"async\" src=\"https:\/\/www.algarve-abc.de\/ferienhaus-westalgarve\/wp-content\/uploads\/2024\/04\/CASA-Nascente-12-scaled.jpg\" width=\"2560\" height=\"1707\" alt=\"\" style='opacity: 0; display: none;' \/>\n<\/div>\n<\/div>\n<div class=\"swiper-slide\">\n<div data-thumb='https:\/\/www.algarve-abc.de\/ferienhaus-westalgarve\/wp-content\/uploads\/2024\/04\/CASA-Nascente-7-scaled.jpg' style='background-image: url(https:\/\/www.algarve-abc.de\/ferienhaus-westalgarve\/wp-content\/uploads\/2024\/04\/CASA-Nascente-7-scaled.jpg); background-position: center center; background-size: contain !important; height: 100%; background-repeat: no-repeat;'>\n<img loading=\"lazy\" decoding=\"async\" src=\"https:\/\/www.algarve-abc.de\/ferienhaus-westalgarve\/wp-content\/uploads\/2024\/04\/CASA-Nascente-7-scaled.jpg\" width=\"2560\" height=\"1707\" alt=\"\" style='opacity: 0; display: none;' \/>\n<\/div>\n<\/div>\n<div class=\"swiper-slide\">\n<div data-thumb='https:\/\/www.algarve-abc.de\/ferienhaus-westalgarve\/wp-content\/uploads\/2024\/04\/CASA-Nascente-8-scaled.jpg' style='background-image: url(https:\/\/www.algarve-abc.de\/ferienhaus-westalgarve\/wp-content\/uploads\/2024\/04\/CASA-Nascente-8-scaled.jpg); background-position: center center; background-size: contain !important; height: 100%; background-repeat: no-repeat;'>\n<img loading=\"lazy\" decoding=\"async\" src=\"https:\/\/www.algarve-abc.de\/ferienhaus-westalgarve\/wp-content\/uploads\/2024\/04\/CASA-Nascente-8-scaled.jpg\" width=\"1707\" height=\"2560\" alt=\"\" style='opacity: 0; display: none;' \/>\n<\/div>\n<\/div>\n<div class=\"swiper-slide\">\n<div data-thumb='https:\/\/www.algarve-abc.de\/ferienhaus-westalgarve\/wp-content\/uploads\/2024\/04\/CASA-Nascente-9-scaled.jpg' style='background-image: url(https:\/\/www.algarve-abc.de\/ferienhaus-westalgarve\/wp-content\/uploads\/2024\/04\/CASA-Nascente-9-scaled.jpg); background-position: center center; background-size: contain !important; height: 100%; background-repeat: no-repeat;'>\n<img loading=\"lazy\" decoding=\"async\" src=\"https:\/\/www.algarve-abc.de\/ferienhaus-westalgarve\/wp-content\/uploads\/2024\/04\/CASA-Nascente-9-scaled.jpg\" width=\"2560\" height=\"1707\" alt=\"\" style='opacity: 0; display: none;' \/>\n<\/div>\n<\/div>\n<\/div><\/div>\n<div class=\"swiper-pagination-test\"><\/div>\n\n<p>Dieses Ferienhaus liegt am Dorfrand des \u00d6rtchens Pedralva.<br \/>\nHier genie\u00dfen Sie von der Terrasse aus einen freien Blick \u00fcber das ganze Tal, vorbei an Eukalyptusb\u00e4umen, Medronho und Korkeichen, die hier auch den typischen feinen Geruch der Westalgarve ausmachen.<\/p>\n<p>Das Haus ist ger\u00e4umig, verf\u00fcgt \u00fcber einen gro\u00dfen Raum mit Esstisch f\u00fcr 4 Personen und einem ausziehbaren Schlafsofa mit Sat TV.Die K\u00fcche ist mit einem 4- Flammenherd samt Backrohr, K\u00fchlschrank und Geschirr voll ausgestattet.Das h\u00fcbsch und von Hand gestaltete Schlafzimmer liegt auf einer zum Raum hin offenen Empore und ist \u00fcber eine Raumspartreppe bequem zu erreichen.Das Badezimmer ist mit Dusche und WC aus- gestattet.In Pedralva haben Sie M\u00f6glichkeit zum kleinen Einkauf, die ber\u00fchmte Pizzeria Pizza Pazza und ein weiteres, sehr leckeres portugiesisches Restaurant liegt nur einen Steinwurf entfernt. Auch l\u00e4dt das kleine Caf\u00e9 mit sonniger Terrasse auf eine erholsame Pause ein und verwandelt sich abends vor allem in der Sommerzeit zur beliebten Bar. Pedralva ist ein wirklich ruhiges Dorf, hier verbringt man seinen Urlaub in \u201eslow motion\u201c\u2026.<\/p>\n<p>Die Preise f\u00fcr dieses Ferienhaus:<\/p>\n<table border=\"0\">\n<tbody>\n<tr>\n<td>November &#8211; April<\/td>\n<td>1 &#8211; 2 Personen 80 \u20ac<\/td>\n<td>3 Personen 95 \u20ac<\/td>\n<td>4 Personen 110 \u20ac<\/td>\n<\/tr>\n<tr>\n<td>Mai\/Juni\/ Oktober<\/td>\n<td>1 &#8211; 2 Personen 85 \u20ac<\/td>\n<td>3 Personen 100 \u20ac<\/td>\n<td>4 Personen 115 \u20ac<\/td>\n<\/tr>\n<tr>\n<td>Juli\/August\/September<\/td>\n<td>1 &#8211; 2 Personen 90 \u20ac<\/td>\n<td>3 Personen 105 \u20ac<\/td>\n<td>4 Personen 120 \u20ac<\/td>\n<\/tr>\n<\/tbody>\n<\/table>\n<ul>\n<li>Ein Baby \u2013 Reisebett ist vorhanden. Im Winter kann das Appartement mit<br \/>\neinem Ofen ( Holz ) beheizt werden.<\/li>\n<li>Kontakt<br \/>\nTel +49 (0) 8431 431 2969<br \/>\nFax +49 (0) 8431 431 29690<br \/>\nAnfrage <a href=\"mailto:appartement-pedralva@gmx.net?subject=Anfrage&amp;body=Ich%20interessiere%20mich%20f%C3%BCr%20ein%20Ferienhaus.\">per E-Mail<\/a><\/li>\n<li><strong>Sonderpreise f\u00fcr l\u00e4ngere Perioden im Winter bitte anfragen!<\/strong><\/li>\n<li><a href=\"https:\/\/www.lorenz-iblher.com\/fotografo-de-imoveis-fotografia-de-interiores-apartamentos-moradias-escritorios-lojas-arquitetura\/\" target=\"_blank\" rel=\"nofollow\">Diese Immobilie wurde fotografiert von Lorenz Iblher Photographer<\/a><\/li>\n<\/ul>\n<p>&nbsp;<\/p>\n","protected":false},"excerpt":{"rendered":"<p>Ferienhaus in Pedralva Dieses Ferienhaus liegt am Dorfrand des \u00d6rtchens Pedralva. Hier genie\u00dfen Sie von der Terrasse aus einen freien Blick \u00fcber das ganze Tal, vorbei an Eukalyptusb\u00e4umen, Medronho und Korkeichen, die hier auch den typischen feinen Geruch der Westalgarve ausmachen. Das Haus ist ger\u00e4umig, verf\u00fcgt \u00fcber einen gro\u00dfen Raum mit Esstisch f\u00fcr 4 Personen [&hellip;]<\/p>\n","protected":false},"author":1,"featured_media":2806,"parent":0,"menu_order":3,"comment_status":"closed","ping_status":"closed","template":"page-templates\/page-full-width.php","meta":{"om_disable_all_campaigns":false,"_monsterinsights_skip_tracking":false,"_monsterinsights_sitenote_active":false,"_monsterinsights_sitenote_note":"","_monsterinsights_sitenote_category":0,"footnotes":""},"tags":[20],"class_list":["post-1781","page","type-page","status-publish","has-post-thumbnail","hentry","tag-startseite"],"aioseo_notices":[],"_links":{"self":[{"href":"https:\/\/www.algarve-abc.de\/ferienhaus-westalgarve\/wp-json\/wp\/v2\/pages\/1781","targetHints":{"allow":["GET"]}}],"collection":[{"href":"https:\/\/www.algarve-abc.de\/ferienhaus-westalgarve\/wp-json\/wp\/v2\/pages"}],"about":[{"href":"https:\/\/www.algarve-abc.de\/ferienhaus-westalgarve\/wp-json\/wp\/v2\/types\/page"}],"author":[{"embeddable":true,"href":"https:\/\/www.algarve-abc.de\/ferienhaus-westalgarve\/wp-json\/wp\/v2\/users\/1"}],"replies":[{"embeddable":true,"href":"https:\/\/www.algarve-abc.de\/ferienhaus-westalgarve\/wp-json\/wp\/v2\/comments?post=1781"}],"version-history":[{"count":11,"href":"https:\/\/www.algarve-abc.de\/ferienhaus-westalgarve\/wp-json\/wp\/v2\/pages\/1781\/revisions"}],"predecessor-version":[{"id":3765,"href":"https:\/\/www.algarve-abc.de\/ferienhaus-westalgarve\/wp-json\/wp\/v2\/pages\/1781\/revisions\/3765"}],"wp:featuredmedia":[{"embeddable":true,"href":"https:\/\/www.algarve-abc.de\/ferienhaus-westalgarve\/wp-json\/wp\/v2\/media\/2806"}],"wp:attachment":[{"href":"https:\/\/www.algarve-abc.de\/ferienhaus-westalgarve\/wp-json\/wp\/v2\/media?parent=1781"}],"wp:term":[{"taxonomy":"post_tag","embeddable":true,"href":"https:\/\/www.algarve-abc.de\/ferienhaus-westalgarve\/wp-json\/wp\/v2\/tags?post=1781"}],"curies":[{"name":"wp","href":"https:\/\/api.w.org\/{rel}","templated":true}]}}