{"id":1990,"date":"2022-02-05T07:04:04","date_gmt":"2022-02-05T06:04:04","guid":{"rendered":"http:\/\/www.algarve-abc.de\/?page_id=1990"},"modified":"2025-07-10T14:43:08","modified_gmt":"2025-07-10T12:43:08","slug":"casa-franco-in-salema-fuer-bis-zu-4-x-personen","status":"publish","type":"page","link":"https:\/\/www.algarve-abc.de\/ferienhaus-westalgarve\/casa-franco-in-salema-fuer-bis-zu-4-x-personen\/","title":{"rendered":"Casa Franco in Salema"},"content":{"rendered":"<div class=\"swiper\" style=\"width: 100%; height: 600px; overflow: hidden;\"><div class=\"swiper-wrapper\">\n<div class=\"swiper-slide\">\n<div data-thumb='https:\/\/www.algarve-abc.de\/ferienhaus-westalgarve\/wp-content\/uploads\/2024\/07\/CASA-Franco-10-scaled.jpg' style='background-image: url(https:\/\/www.algarve-abc.de\/ferienhaus-westalgarve\/wp-content\/uploads\/2024\/07\/CASA-Franco-10-scaled.jpg); background-position: center center; background-size: contain !important; height: 100%; background-repeat: no-repeat;'>\n<img loading=\"lazy\" decoding=\"async\" src=\"https:\/\/www.algarve-abc.de\/ferienhaus-westalgarve\/wp-content\/uploads\/2024\/07\/CASA-Franco-10-scaled.jpg\" width=\"2560\" height=\"1707\" alt=\"\" style='opacity: 0; display: none;' \/>\n<\/div>\n<\/div>\n<div class=\"swiper-slide\">\n<div data-thumb='https:\/\/www.algarve-abc.de\/ferienhaus-westalgarve\/wp-content\/uploads\/2024\/07\/CASA-Franco-11-scaled.jpg' style='background-image: url(https:\/\/www.algarve-abc.de\/ferienhaus-westalgarve\/wp-content\/uploads\/2024\/07\/CASA-Franco-11-scaled.jpg); background-position: center center; background-size: contain !important; height: 100%; background-repeat: no-repeat;'>\n<img loading=\"lazy\" decoding=\"async\" src=\"https:\/\/www.algarve-abc.de\/ferienhaus-westalgarve\/wp-content\/uploads\/2024\/07\/CASA-Franco-11-scaled.jpg\" width=\"1707\" height=\"2560\" alt=\"\" style='opacity: 0; display: none;' \/>\n<\/div>\n<\/div>\n<div class=\"swiper-slide\">\n<div data-thumb='https:\/\/www.algarve-abc.de\/ferienhaus-westalgarve\/wp-content\/uploads\/2024\/07\/CASA-Franco-5-scaled.jpg' style='background-image: url(https:\/\/www.algarve-abc.de\/ferienhaus-westalgarve\/wp-content\/uploads\/2024\/07\/CASA-Franco-5-scaled.jpg); background-position: center center; background-size: contain !important; height: 100%; background-repeat: no-repeat;'>\n<img loading=\"lazy\" decoding=\"async\" src=\"https:\/\/www.algarve-abc.de\/ferienhaus-westalgarve\/wp-content\/uploads\/2024\/07\/CASA-Franco-5-scaled.jpg\" width=\"2560\" height=\"1707\" alt=\"\" style='opacity: 0; display: none;' \/>\n<\/div>\n<\/div>\n<div class=\"swiper-slide\">\n<div data-thumb='https:\/\/www.algarve-abc.de\/ferienhaus-westalgarve\/wp-content\/uploads\/2024\/07\/CASA-Franco-4-scaled.jpg' style='background-image: url(https:\/\/www.algarve-abc.de\/ferienhaus-westalgarve\/wp-content\/uploads\/2024\/07\/CASA-Franco-4-scaled.jpg); background-position: center center; background-size: contain !important; height: 100%; background-repeat: no-repeat;'>\n<img loading=\"lazy\" decoding=\"async\" src=\"https:\/\/www.algarve-abc.de\/ferienhaus-westalgarve\/wp-content\/uploads\/2024\/07\/CASA-Franco-4-scaled.jpg\" width=\"2560\" height=\"1707\" alt=\"\" style='opacity: 0; display: none;' \/>\n<\/div>\n<\/div>\n<div class=\"swiper-slide\">\n<div data-thumb='https:\/\/www.algarve-abc.de\/ferienhaus-westalgarve\/wp-content\/uploads\/2024\/07\/CASA-Franco-14-scaled.jpg' style='background-image: url(https:\/\/www.algarve-abc.de\/ferienhaus-westalgarve\/wp-content\/uploads\/2024\/07\/CASA-Franco-14-scaled.jpg); background-position: center center; background-size: contain !important; height: 100%; background-repeat: no-repeat;'>\n<img loading=\"lazy\" decoding=\"async\" src=\"https:\/\/www.algarve-abc.de\/ferienhaus-westalgarve\/wp-content\/uploads\/2024\/07\/CASA-Franco-14-scaled.jpg\" width=\"2560\" height=\"1707\" alt=\"\" style='opacity: 0; display: none;' \/>\n<\/div>\n<\/div>\n<div class=\"swiper-slide\">\n<div data-thumb='https:\/\/www.algarve-abc.de\/ferienhaus-westalgarve\/wp-content\/uploads\/2024\/07\/CASA-Franco-3-scaled.jpg' style='background-image: url(https:\/\/www.algarve-abc.de\/ferienhaus-westalgarve\/wp-content\/uploads\/2024\/07\/CASA-Franco-3-scaled.jpg); background-position: center center; background-size: contain !important; height: 100%; background-repeat: no-repeat;'>\n<img loading=\"lazy\" decoding=\"async\" src=\"https:\/\/www.algarve-abc.de\/ferienhaus-westalgarve\/wp-content\/uploads\/2024\/07\/CASA-Franco-3-scaled.jpg\" width=\"2560\" height=\"1707\" alt=\"\" style='opacity: 0; display: none;' \/>\n<\/div>\n<\/div>\n<div class=\"swiper-slide\">\n<div data-thumb='https:\/\/www.algarve-abc.de\/ferienhaus-westalgarve\/wp-content\/uploads\/2024\/07\/CASA-Franco-2-scaled.jpg' style='background-image: url(https:\/\/www.algarve-abc.de\/ferienhaus-westalgarve\/wp-content\/uploads\/2024\/07\/CASA-Franco-2-scaled.jpg); background-position: center center; background-size: contain !important; height: 100%; background-repeat: no-repeat;'>\n<img loading=\"lazy\" decoding=\"async\" src=\"https:\/\/www.algarve-abc.de\/ferienhaus-westalgarve\/wp-content\/uploads\/2024\/07\/CASA-Franco-2-scaled.jpg\" width=\"2560\" height=\"1707\" alt=\"\" style='opacity: 0; display: none;' \/>\n<\/div>\n<\/div>\n<div class=\"swiper-slide\">\n<div data-thumb='https:\/\/www.algarve-abc.de\/ferienhaus-westalgarve\/wp-content\/uploads\/2024\/07\/CASA-Franco-6-scaled.jpg' style='background-image: url(https:\/\/www.algarve-abc.de\/ferienhaus-westalgarve\/wp-content\/uploads\/2024\/07\/CASA-Franco-6-scaled.jpg); background-position: center center; background-size: contain !important; height: 100%; background-repeat: no-repeat;'>\n<img loading=\"lazy\" decoding=\"async\" src=\"https:\/\/www.algarve-abc.de\/ferienhaus-westalgarve\/wp-content\/uploads\/2024\/07\/CASA-Franco-6-scaled.jpg\" width=\"1707\" height=\"2560\" alt=\"\" style='opacity: 0; display: none;' \/>\n<\/div>\n<\/div>\n<div class=\"swiper-slide\">\n<div data-thumb='https:\/\/www.algarve-abc.de\/ferienhaus-westalgarve\/wp-content\/uploads\/2024\/07\/CASA-Franco-7-scaled.jpg' style='background-image: url(https:\/\/www.algarve-abc.de\/ferienhaus-westalgarve\/wp-content\/uploads\/2024\/07\/CASA-Franco-7-scaled.jpg); background-position: center center; background-size: contain !important; height: 100%; background-repeat: no-repeat;'>\n<img loading=\"lazy\" decoding=\"async\" src=\"https:\/\/www.algarve-abc.de\/ferienhaus-westalgarve\/wp-content\/uploads\/2024\/07\/CASA-Franco-7-scaled.jpg\" width=\"1707\" height=\"2560\" alt=\"\" style='opacity: 0; display: none;' \/>\n<\/div>\n<\/div>\n<div class=\"swiper-slide\">\n<div data-thumb='https:\/\/www.algarve-abc.de\/ferienhaus-westalgarve\/wp-content\/uploads\/2024\/07\/CASA-Franco-9-scaled.jpg' style='background-image: url(https:\/\/www.algarve-abc.de\/ferienhaus-westalgarve\/wp-content\/uploads\/2024\/07\/CASA-Franco-9-scaled.jpg); background-position: center center; background-size: contain !important; height: 100%; background-repeat: no-repeat;'>\n<img loading=\"lazy\" decoding=\"async\" src=\"https:\/\/www.algarve-abc.de\/ferienhaus-westalgarve\/wp-content\/uploads\/2024\/07\/CASA-Franco-9-scaled.jpg\" width=\"1707\" height=\"2560\" alt=\"\" style='opacity: 0; display: none;' \/>\n<\/div>\n<\/div>\n<div class=\"swiper-slide\">\n<div data-thumb='https:\/\/www.algarve-abc.de\/ferienhaus-westalgarve\/wp-content\/uploads\/2024\/07\/CASA-Franco-8-scaled.jpg' style='background-image: url(https:\/\/www.algarve-abc.de\/ferienhaus-westalgarve\/wp-content\/uploads\/2024\/07\/CASA-Franco-8-scaled.jpg); background-position: center center; background-size: contain !important; height: 100%; background-repeat: no-repeat;'>\n<img loading=\"lazy\" decoding=\"async\" src=\"https:\/\/www.algarve-abc.de\/ferienhaus-westalgarve\/wp-content\/uploads\/2024\/07\/CASA-Franco-8-scaled.jpg\" width=\"1707\" height=\"2560\" alt=\"\" style='opacity: 0; display: none;' \/>\n<\/div>\n<\/div>\n<div class=\"swiper-slide\">\n<div data-thumb='https:\/\/www.algarve-abc.de\/ferienhaus-westalgarve\/wp-content\/uploads\/2024\/07\/CASA-Franco-12-scaled.jpg' style='background-image: url(https:\/\/www.algarve-abc.de\/ferienhaus-westalgarve\/wp-content\/uploads\/2024\/07\/CASA-Franco-12-scaled.jpg); background-position: center center; background-size: contain !important; height: 100%; background-repeat: no-repeat;'>\n<img loading=\"lazy\" decoding=\"async\" src=\"https:\/\/www.algarve-abc.de\/ferienhaus-westalgarve\/wp-content\/uploads\/2024\/07\/CASA-Franco-12-scaled.jpg\" width=\"2560\" height=\"1707\" alt=\"\" style='opacity: 0; display: none;' \/>\n<\/div>\n<\/div>\n<div class=\"swiper-slide\">\n<div data-thumb='https:\/\/www.algarve-abc.de\/ferienhaus-westalgarve\/wp-content\/uploads\/2024\/07\/CASA-Franco-13-scaled.jpg' style='background-image: url(https:\/\/www.algarve-abc.de\/ferienhaus-westalgarve\/wp-content\/uploads\/2024\/07\/CASA-Franco-13-scaled.jpg); background-position: center center; background-size: contain !important; height: 100%; background-repeat: no-repeat;'>\n<img loading=\"lazy\" decoding=\"async\" src=\"https:\/\/www.algarve-abc.de\/ferienhaus-westalgarve\/wp-content\/uploads\/2024\/07\/CASA-Franco-13-scaled.jpg\" width=\"2560\" height=\"1707\" alt=\"\" style='opacity: 0; display: none;' \/>\n<\/div>\n<\/div>\n<div class=\"swiper-slide\">\n<div data-thumb='https:\/\/www.algarve-abc.de\/ferienhaus-westalgarve\/wp-content\/uploads\/2021\/11\/20180628_180100.jpg' style='background-image: url(https:\/\/www.algarve-abc.de\/ferienhaus-westalgarve\/wp-content\/uploads\/2021\/11\/20180628_180100.jpg); background-position: center center; background-size: contain !important; height: 100%; background-repeat: no-repeat;'>\n<img loading=\"lazy\" decoding=\"async\" src=\"https:\/\/www.algarve-abc.de\/ferienhaus-westalgarve\/wp-content\/uploads\/2021\/11\/20180628_180100.jpg\" width=\"750\" height=\"1000\" alt=\"\" style='opacity: 0; display: none;' \/>\n<\/div>\n<\/div>\n<div class=\"swiper-slide\">\n<div data-thumb='https:\/\/www.algarve-abc.de\/ferienhaus-westalgarve\/wp-content\/uploads\/2024\/07\/CASA-Franco-12-1-scaled.jpg' style='background-image: url(https:\/\/www.algarve-abc.de\/ferienhaus-westalgarve\/wp-content\/uploads\/2024\/07\/CASA-Franco-12-1-scaled.jpg); background-position: center center; background-size: contain !important; height: 100%; background-repeat: no-repeat;'>\n<img loading=\"lazy\" decoding=\"async\" src=\"https:\/\/www.algarve-abc.de\/ferienhaus-westalgarve\/wp-content\/uploads\/2024\/07\/CASA-Franco-12-1-scaled.jpg\" width=\"2560\" height=\"1707\" alt=\"\" style='opacity: 0; display: none;' \/>\n<\/div>\n<\/div>\n<div class=\"swiper-slide\">\n<div data-thumb='https:\/\/www.algarve-abc.de\/ferienhaus-westalgarve\/wp-content\/uploads\/2024\/07\/CASA-Franco-20-1-scaled.jpg' style='background-image: url(https:\/\/www.algarve-abc.de\/ferienhaus-westalgarve\/wp-content\/uploads\/2024\/07\/CASA-Franco-20-1-scaled.jpg); background-position: center center; background-size: contain !important; height: 100%; background-repeat: no-repeat;'>\n<img loading=\"lazy\" decoding=\"async\" src=\"https:\/\/www.algarve-abc.de\/ferienhaus-westalgarve\/wp-content\/uploads\/2024\/07\/CASA-Franco-20-1-scaled.jpg\" width=\"2560\" height=\"1707\" alt=\"\" style='opacity: 0; display: none;' \/>\n<\/div>\n<\/div>\n<div class=\"swiper-slide\">\n<div data-thumb='https:\/\/www.algarve-abc.de\/ferienhaus-westalgarve\/wp-content\/uploads\/2024\/07\/CASA-Franco-19-1-scaled.jpg' style='background-image: url(https:\/\/www.algarve-abc.de\/ferienhaus-westalgarve\/wp-content\/uploads\/2024\/07\/CASA-Franco-19-1-scaled.jpg); background-position: center center; background-size: contain !important; height: 100%; background-repeat: no-repeat;'>\n<img loading=\"lazy\" decoding=\"async\" src=\"https:\/\/www.algarve-abc.de\/ferienhaus-westalgarve\/wp-content\/uploads\/2024\/07\/CASA-Franco-19-1-scaled.jpg\" width=\"2560\" height=\"1707\" alt=\"\" style='opacity: 0; display: none;' \/>\n<\/div>\n<\/div>\n<\/div><\/div>\n<div class=\"swiper-pagination-test\"><\/div>\n\n<h2>Ferienhaus zentral in Salema nur 40 Meter vom Strand<\/h2>\n<p><strong>Die Preise verstehen sich je Nacht f\u00fcr 2 Personen<\/strong><\/p>\n<table border=\"0\" width=\"560\" cellspacing=\"2\" cellpadding=\"0\">\n<tbody>\n<tr>\n<td width=\"209\" height=\"24\">Januar\/ Februar\/ M\u00e4rz\/ November\/ Dezember<\/td>\n<td width=\"31%\" height=\"24\">je Nacht<\/td>\n<td width=\"31%\" height=\"24\">95,- Euro<\/td>\n<\/tr>\n<tr>\n<td width=\"209\" height=\"23\">April\/ Mai<\/td>\n<td width=\"31%\" height=\"23\">je Nacht<\/td>\n<td width=\"31%\" height=\"23\">105,- Euro<\/td>\n<\/tr>\n<tr>\n<td width=\"209\" height=\"23\">August<\/td>\n<td width=\"31%\" height=\"23\">je Nacht<\/td>\n<td width=\"31%\" height=\"23\">160,- Euro<\/td>\n<\/tr>\n<tr>\n<td width=\"209\" height=\"23\">Juni\/ Oktober<\/td>\n<td width=\"31%\" height=\"23\">je Nacht<\/td>\n<td width=\"31%\" height=\"23\">130,- Euro<\/td>\n<\/tr>\n<tr>\n<td width=\"209\" height=\"23\">Juli\/ September<\/td>\n<td width=\"31%\" height=\"23\">je Nacht<\/td>\n<td width=\"31%\" height=\"23\">150,- Euro<\/td>\n<\/tr>\n<\/tbody>\n<\/table>\n<ul>\n<li>jede weitere Person zzgl.\u00a0 20,- Euro \/ Nacht<\/li>\n<li>Kinder von 0 &#8211; 18 Jahren \/ 20,- Euro\/ Nacht<span style=\"color: #ffffff;\">&#8230;.. 10,-10 Euro \/ Nacht<\/span><\/li>\n<li><\/li>\n<li>Ein Baby \u2013 Reisebett ist vorhanden. Im Winter kann das Haus mit<br \/>\neinem Ofen ( Holz ) beheizt werden.<\/li>\n<li>Kontakt<br \/>\nTel +49 (0) 8431 431 2969<br \/>\nFax +49 (0) 8431 43129690<\/li>\n<li><a href=\"mailto:appartement-pedralva@gmx.net?subject=Anfrage&amp;body=Ich%20interessiere%20mich%20f%C3%BCr%20ein%20Ferienhaus.\">Anfrage per E-Mail<\/a><\/li>\n<li><\/li>\n<\/ul>\n<p><strong>CASA FRANCO<\/strong> liegt im h\u00fcbschen K\u00fcstendorf Salema nur 40 Meter vom Strand entfernt.<\/p>\n<p>Das ehemalige Fischerhaus wurde in den Jahren 2013\/14 komplett saniert und umgebaut. Durch das neue, offene Dach, dem Herausnehmen verschiedener W\u00e4nde und dem kompletten Innenausbau mit neuer K\u00fcche und neuem Badezimmer ist es -bis auf die Frontwand- eigentlich nicht wiederzuerkennen und erfreut sich jetzt einer angenehmen Gro\u00dfz\u00fcgigkeit, die man von au\u00dfen nicht vermuten w\u00fcrde.<\/p>\n<p>Die Lage direkt im Zentrum Salemas verspricht k\u00fcrzeste Wege zu all den Cafes, Restaurants und Superm\u00e4rkten, aber vorallem die N\u00e4he zum Meer zeichnet CASA FRANCO aus, da man &#8211; direkt in Badehose oder Bikini &#8211; nur noch \u00fcber die Stra\u00dfe gehen muss.<\/p>\n<p>Die kleine H\u00e4userreihe liegt jedoch widerum so weit zur\u00fcckversetzt, dass man auf der Terrasse kaum etwas vom Verkehr mitbekommt und im Haus absolute Ruhe hat.<\/p>\n<p>Ein landestypisch bepflanzter Garten trennt das Haus zu einem kleinen Platz und der Stra\u00dfe hin ab, danach schlie\u00dft sich ein kleiner Parkplatz an, auf dem auch oft die Fischerbooten liegen&#8230;.und dann stehen Sie auch schon mit den F\u00fc\u00dfen im Sand!<\/p>\n<p>Das Haus verf\u00fcgt \u00fcber einen gro\u00dfen Wohnraum mit Sofa und Flat TV, einem Esstisch f\u00fcr sechs Personen, anschlie\u00dfender Theke und K\u00fcche (komplett ausgestattet mit einem 4 Flammen-Gas-Herd mit Backofen, K\u00fchlschrank mit Eisfach, Geschirrsp\u00fcler).<\/p>\n<p>Auf der \u00fcber eine Holztreppe zu erreichenden offenen Empore mit 16 qm befindet sich ein Doppelbett von 160 cm Breite und ein Kleiderschrank, beides vom Schreiner gefertigt.<\/p>\n<p>Das Badezimmer mit Dusche ist mit Fu\u00dfboden- und Wandheizung beheizbar.<\/p>\n<p>Im Kinderzimmer steht Ihnen ein Stockbett ( 2 x 2m x 90 cm -Matratzen) zur Verf\u00fcgung. Auch dieser Raum l\u00e4sst sich bei Bedarf mit einer Fu\u00dfbodenheizung angenehm temperieren.<\/p>\n<p>Eine Waschmaschine ist selbstverst\u00e4ndlich vorhanden.<\/p>\n<p>Zwei gro\u00dfe Dachfenster verleihen dem Wohnraum viel Licht, lassen sich aber auch elektrisch mit Velux-Roll\u00e4den verschlie\u00dfen.<\/p>\n<p>Auf der Terrasse l\u00e4sst es sich gem\u00fctlich am gro\u00dfen Holztisch mit vier St\u00fchlen sitzen, ausruhen und grillen. Den fangfrischen Fisch dazu k\u00f6nnen Sie sich t\u00e4glich frisch direkt in Salema am Meerparkplatz holen!<\/p>\n<p>Im Winter oder an k\u00fchleren und regnerischen Tagen sorgt der Holzofen f\u00fcr schnelle und angenehm trockene W\u00e4rme und Gem\u00fctlichkeit&#8230;denn am Atlantik kann es von Oktober bis April vorallem abends schon mal frisch werden.<\/p>\n<p>Wie bereits erw\u00e4hnt, finden Sie im Dorf alle Dinge des t\u00e4glichen Bedarfs: Cafes, Restaurants, Einkaufsm\u00f6glichkeiten, \u00f6ffentliche Verkehrsmittel&#8230;von daher ist ein Leihwagen nicht unbedingt erforderlich, allerdings w\u00e4re es fast zu schade, die nahe und nat\u00fcrlich auch weitere Umgebung nicht zu entdecken.<\/p>\n<p>Der Naturschutzpark der Costa Vicentina, mehr als 30 Str\u00e4nde in unmittelbarer N\u00e4he, viele Sehensw\u00fcrdigkeiten und Sportangebote wie Surfen, Tauchen, Boot fahren, Klettern, Paragliding, Mountainbiken, Golfen, Fischen&#8230;.w\u00fcrde Ihnen verborgen bleiben.<\/p>\n<p>Unsere Gegend hier geh\u00f6rt mit zu den sch\u00f6nsten Flecken in ganz Europa! Gerne sind wir Ihnen deshalb bei der Anmietung eines Leihwagens behilflich.<\/p>\n<p><a href=\"https:\/\/www.lorenz-iblher.com\/fotografo-de-imoveis-fotografia-de-interiores-apartamentos-moradias-escritorios-lojas-arquitetura\/\" target=\"_blank\" rel=\"nofollow noopener\">Diese Immobilie wurde fotografiert von Lorenz Iblher Photographer<\/a><\/p>\n","protected":false},"excerpt":{"rendered":"<p>Ferienhaus zentral in Salema nur 40 Meter vom Strand Die Preise verstehen sich je Nacht f\u00fcr 2 Personen Januar\/ Februar\/ M\u00e4rz\/ November\/ Dezember je Nacht 95,- Euro April\/ Mai je Nacht 105,- Euro August je Nacht 160,- Euro Juni\/ Oktober je Nacht 130,- Euro Juli\/ September je Nacht 150,- Euro jede weitere Person zzgl.\u00a0 20,- [&hellip;]<\/p>\n","protected":false},"author":1,"featured_media":3164,"parent":0,"menu_order":8,"comment_status":"closed","ping_status":"closed","template":"page-templates\/page-full-width.php","meta":{"om_disable_all_campaigns":false,"_monsterinsights_skip_tracking":false,"_monsterinsights_sitenote_active":false,"_monsterinsights_sitenote_note":"","_monsterinsights_sitenote_category":0,"footnotes":""},"tags":[20],"class_list":["post-1990","page","type-page","status-publish","has-post-thumbnail","hentry","tag-startseite"],"aioseo_notices":[],"_links":{"self":[{"href":"https:\/\/www.algarve-abc.de\/ferienhaus-westalgarve\/wp-json\/wp\/v2\/pages\/1990","targetHints":{"allow":["GET"]}}],"collection":[{"href":"https:\/\/www.algarve-abc.de\/ferienhaus-westalgarve\/wp-json\/wp\/v2\/pages"}],"about":[{"href":"https:\/\/www.algarve-abc.de\/ferienhaus-westalgarve\/wp-json\/wp\/v2\/types\/page"}],"author":[{"embeddable":true,"href":"https:\/\/www.algarve-abc.de\/ferienhaus-westalgarve\/wp-json\/wp\/v2\/users\/1"}],"replies":[{"embeddable":true,"href":"https:\/\/www.algarve-abc.de\/ferienhaus-westalgarve\/wp-json\/wp\/v2\/comments?post=1990"}],"version-history":[{"count":13,"href":"https:\/\/www.algarve-abc.de\/ferienhaus-westalgarve\/wp-json\/wp\/v2\/pages\/1990\/revisions"}],"predecessor-version":[{"id":3767,"href":"https:\/\/www.algarve-abc.de\/ferienhaus-westalgarve\/wp-json\/wp\/v2\/pages\/1990\/revisions\/3767"}],"wp:featuredmedia":[{"embeddable":true,"href":"https:\/\/www.algarve-abc.de\/ferienhaus-westalgarve\/wp-json\/wp\/v2\/media\/3164"}],"wp:attachment":[{"href":"https:\/\/www.algarve-abc.de\/ferienhaus-westalgarve\/wp-json\/wp\/v2\/media?parent=1990"}],"wp:term":[{"taxonomy":"post_tag","embeddable":true,"href":"https:\/\/www.algarve-abc.de\/ferienhaus-westalgarve\/wp-json\/wp\/v2\/tags?post=1990"}],"curies":[{"name":"wp","href":"https:\/\/api.w.org\/{rel}","templated":true}]}}