{"id":2351,"date":"2018-03-30T10:01:49","date_gmt":"2018-03-30T08:01:49","guid":{"rendered":"http:\/\/www.algarve-abc.de\/?page_id=2351"},"modified":"2022-02-20T10:45:25","modified_gmt":"2022-02-20T09:45:25","slug":"anzahlung-zahlung-stornierungsbedingungen","status":"publish","type":"page","link":"https:\/\/www.algarve-abc.de\/ferienhaus-westalgarve\/anzahlung-zahlung-stornierungsbedingungen\/","title":{"rendered":"Anzahlung \/ Zahlung \/ Stornierungsbedingungen"},"content":{"rendered":"<h3>F\u00fcr unsere H\u00e4user gelten folgende Anzahlungs-, Zahlungs- und Stornierungsbedingungen<\/h3>\n<p><strong>1. ANZAHLUNG<\/strong><br \/>\nBei Buchung wird eine Anzahlung in H\u00f6he von 10 % f\u00e4llig . Diese verf\u00e4llt bei Stornierung!<\/p>\n<p>Die Anzahlung betr\u00e4gt Minimum 50,- Euro.<\/p>\n<p><strong>2. ZAHLUNG<\/strong><br \/>\nBei Schl\u00fcssel\u00fcbergabe ist der Rest des Mietpreises in bar f\u00e4llig. Wird die Buchung nicht angetreten oder die Mietzeit verk\u00fcrzt, bleibt der volle Mietpreis bestehen.<\/p>\n<p><strong>3. STORNIERUNG<\/strong><\/p>\n<ul>\n<li>60 Tage vor Mietbeginn: Stornokosten = 50%<\/li>\n<li>30 Tage vor Mietbeginn: Stornokosten = 75%<\/li>\n<li>Unter 30 Tage wird der volle Mietpreis f\u00e4llig<\/li>\n<\/ul>\n","protected":false},"excerpt":{"rendered":"<p>F\u00fcr unsere H\u00e4user gelten folgende Anzahlungs-, Zahlungs- und Stornierungsbedingungen 1. ANZAHLUNG Bei Buchung wird eine Anzahlung in H\u00f6he von 10 % f\u00e4llig . Diese verf\u00e4llt bei Stornierung! Die Anzahlung betr\u00e4gt Minimum 50,- Euro. 2. ZAHLUNG Bei Schl\u00fcssel\u00fcbergabe ist der Rest des Mietpreises in bar f\u00e4llig. Wird die Buchung nicht angetreten oder die Mietzeit verk\u00fcrzt, bleibt [&hellip;]<\/p>\n","protected":false},"author":1,"featured_media":0,"parent":0,"menu_order":0,"comment_status":"closed","ping_status":"closed","template":"page-templates\/page-full-width.php","meta":{"om_disable_all_campaigns":false,"_monsterinsights_skip_tracking":false,"_monsterinsights_sitenote_active":false,"_monsterinsights_sitenote_note":"","_monsterinsights_sitenote_category":0,"footnotes":""},"tags":[],"class_list":["post-2351","page","type-page","status-publish","hentry"],"aioseo_notices":[],"_links":{"self":[{"href":"https:\/\/www.algarve-abc.de\/ferienhaus-westalgarve\/wp-json\/wp\/v2\/pages\/2351","targetHints":{"allow":["GET"]}}],"collection":[{"href":"https:\/\/www.algarve-abc.de\/ferienhaus-westalgarve\/wp-json\/wp\/v2\/pages"}],"about":[{"href":"https:\/\/www.algarve-abc.de\/ferienhaus-westalgarve\/wp-json\/wp\/v2\/types\/page"}],"author":[{"embeddable":true,"href":"https:\/\/www.algarve-abc.de\/ferienhaus-westalgarve\/wp-json\/wp\/v2\/users\/1"}],"replies":[{"embeddable":true,"href":"https:\/\/www.algarve-abc.de\/ferienhaus-westalgarve\/wp-json\/wp\/v2\/comments?post=2351"}],"version-history":[{"count":0,"href":"https:\/\/www.algarve-abc.de\/ferienhaus-westalgarve\/wp-json\/wp\/v2\/pages\/2351\/revisions"}],"wp:attachment":[{"href":"https:\/\/www.algarve-abc.de\/ferienhaus-westalgarve\/wp-json\/wp\/v2\/media?parent=2351"}],"wp:term":[{"taxonomy":"post_tag","embeddable":true,"href":"https:\/\/www.algarve-abc.de\/ferienhaus-westalgarve\/wp-json\/wp\/v2\/tags?post=2351"}],"curies":[{"name":"wp","href":"https:\/\/api.w.org\/{rel}","templated":true}]}}