{"id":327,"date":"2009-07-09T17:44:22","date_gmt":"2009-07-09T15:44:22","guid":{"rendered":"http:\/\/www.algarve-abc.de\/ferienhaus-westalgarve\/?page_id=327"},"modified":"2022-03-29T14:59:16","modified_gmt":"2022-03-29T12:59:16","slug":"die-lage-unseres-ferienhauses","status":"publish","type":"page","link":"https:\/\/www.algarve-abc.de\/ferienhaus-westalgarve\/die-lage-unseres-ferienhauses\/","title":{"rendered":"Lage der Ferienh\u00e4user"},"content":{"rendered":"<h2>Die Ferienh\u00e4user liegen bei Pedralva und Salema<\/h2>\n<h2><strong>Ferienh\u00e4user an der Westalgarve<\/strong><\/h2>\n<p><img loading=\"lazy\" decoding=\"async\" class=\"size-medium wp-image-3565 aligncenter\" src=\"http:\/\/www.algarve-abc.de\/ferienhaus-westalgarve\/wp-content\/uploads\/2022\/03\/karte2-300x260.jpg\" alt=\"\" width=\"300\" height=\"260\" srcset=\"https:\/\/www.algarve-abc.de\/ferienhaus-westalgarve\/wp-content\/uploads\/2022\/03\/karte2-300x260.jpg 300w, https:\/\/www.algarve-abc.de\/ferienhaus-westalgarve\/wp-content\/uploads\/2022\/03\/karte2.jpg 486w\" sizes=\"auto, (max-width: 639px) 98vw, (max-width: 1199px) 64vw, 300px\" \/><\/p>\n<p>&nbsp;<\/p>\n<h2>Ferienh\u00e4user an der Westalgarve \/ der Costa Vicentina<\/h2>\n<p>Das Ferienhaus Westalgarve liegt an der Westk\u00fcste im Naturschutzgebiet \u201cCosta Vincentina\u201d an der N268 von Vila do Bispo nach Carrapateira, abseits der Haupstrasse in einem ruhigen Tal. Carrapateira erreichen Sie in 8 km, Vila do Bispo in 10 km, Lagos in 29 km. F\u00fcr die Fahrtzeit vom Flughafen nach Pedralva \u00fcber die Algarve Autobahn A22 sollten Sie ca. 1 Std. 15 Min kalkulieren.<\/p>\n<h2>Information zu Vila do Bispo<\/h2>\n<p>Vila do Bispo ist die s\u00fcdwestlichste Gemeinde auf dem europ\u00e4ischen Festland. Sie ist Teil des Naturparks \u201eSudoeste Alentejano e Costa Vicentina\u201c, der mit uralter Kultur, unber\u00fchrten Landschaften und wilden Steilk\u00fcsten der Algarve begeistert. Umgeben von weitem, fruchtbaren H\u00fcgelland liegt die kleine Stadt Vila do Bispo nur wenige Kilometer von der Atlantikk\u00fcste entfernt. Sie ist ein sehenswertes Ziel f\u00fcr Touristen, die auf dem Weg ins mystische Sagres und zum Cabo de Sao Vincente \u2013 dem s\u00fcdwestlichen Kap Portugals \u2013 sind.<\/p>\n<p>Eine weitreichende Bedeutung wurde dem Ort schon im 15. Jahrhundert zugeschrieben, als Prinz Heinrich dort eine Seefahrtsschule errichten lie\u00df. Bereits aus der Ferne sind die sch\u00f6nen, wei\u00df get\u00fcnchten H\u00e4user und der alte Wasserturm zu erkennen. Er versorgte die Felder und G\u00e4rten in den trockenen Sommermonaten mit Wasser und gilt heute als Wahrzeichen der Stadt. Das Ortszentrum wird von der Kirche dominiert. Besonders auff\u00e4llig ist der achteckige Turm. Ein Besuch des Altarraumes ist sehr lohnenswert, denn das Haus wurde im 18. Jahrhundert mit wundersch\u00f6nen Malereien und Glasarbeiten ausgestattet. Zwischen Raposeira und Figueira steht die kleine Templerkirche \u201cErmida de Nossa Senhora de Guadelupe\u201c. Sie stammt aus dem fr\u00fchen 13. Jahrhundert.<br \/>\nIm Umfeld des Ortes stehen mehrere vorzeitliche Menhire, die einst Grundlage vieler einheimischer Sagen waren. In der N\u00e4he von Vila do Bispo finden Urlauber zauberhafte, goldfarbene Str\u00e4nde mit einem abwechslungsreichen Wassersport- Angebot.<br \/>\nViele landestypische Restaurants laden zu frischen Meeresfr\u00fcchten ein und runden einen Urlaub an der sch\u00f6nsten K\u00fcste Portugals angenehm ab.<\/p>\n<p>\u2026oder Sie grillen sich Ihren frischen Fisch selbst bei uns im Ferienhaus Westalgarve.<\/p>\n","protected":false},"excerpt":{"rendered":"<p>Die Ferienh\u00e4user liegen bei Pedralva und Salema Ferienh\u00e4user an der Westalgarve &nbsp; Ferienh\u00e4user an der Westalgarve \/ der Costa Vicentina Das Ferienhaus Westalgarve liegt an der Westk\u00fcste im Naturschutzgebiet \u201cCosta Vincentina\u201d an der N268 von Vila do Bispo nach Carrapateira, abseits der Haupstrasse in einem ruhigen Tal. Carrapateira erreichen Sie in 8 km, Vila do [&hellip;]<\/p>\n","protected":false},"author":1,"featured_media":0,"parent":0,"menu_order":4,"comment_status":"closed","ping_status":"closed","template":"page-templates\/page-full-width.php","meta":{"om_disable_all_campaigns":false,"_monsterinsights_skip_tracking":false,"_monsterinsights_sitenote_active":false,"_monsterinsights_sitenote_note":"","_monsterinsights_sitenote_category":0,"footnotes":""},"tags":[],"class_list":["post-327","page","type-page","status-publish","hentry"],"aioseo_notices":[],"_links":{"self":[{"href":"https:\/\/www.algarve-abc.de\/ferienhaus-westalgarve\/wp-json\/wp\/v2\/pages\/327","targetHints":{"allow":["GET"]}}],"collection":[{"href":"https:\/\/www.algarve-abc.de\/ferienhaus-westalgarve\/wp-json\/wp\/v2\/pages"}],"about":[{"href":"https:\/\/www.algarve-abc.de\/ferienhaus-westalgarve\/wp-json\/wp\/v2\/types\/page"}],"author":[{"embeddable":true,"href":"https:\/\/www.algarve-abc.de\/ferienhaus-westalgarve\/wp-json\/wp\/v2\/users\/1"}],"replies":[{"embeddable":true,"href":"https:\/\/www.algarve-abc.de\/ferienhaus-westalgarve\/wp-json\/wp\/v2\/comments?post=327"}],"version-history":[{"count":3,"href":"https:\/\/www.algarve-abc.de\/ferienhaus-westalgarve\/wp-json\/wp\/v2\/pages\/327\/revisions"}],"predecessor-version":[{"id":3563,"href":"https:\/\/www.algarve-abc.de\/ferienhaus-westalgarve\/wp-json\/wp\/v2\/pages\/327\/revisions\/3563"}],"wp:attachment":[{"href":"https:\/\/www.algarve-abc.de\/ferienhaus-westalgarve\/wp-json\/wp\/v2\/media?parent=327"}],"wp:term":[{"taxonomy":"post_tag","embeddable":true,"href":"https:\/\/www.algarve-abc.de\/ferienhaus-westalgarve\/wp-json\/wp\/v2\/tags?post=327"}],"curies":[{"name":"wp","href":"https:\/\/api.w.org\/{rel}","templated":true}]}}