{"id":331,"date":"2009-07-09T17:50:22","date_gmt":"2009-07-09T15:50:22","guid":{"rendered":"http:\/\/www.algarve-abc.de\/ferienhaus-westalgarve\/?page_id=331"},"modified":"2019-01-30T07:20:40","modified_gmt":"2019-01-30T06:20:40","slug":"pedralva-an-der-costa-vicentina","status":"publish","type":"page","link":"https:\/\/www.algarve-abc.de\/ferienhaus-westalgarve\/pedralva-an-der-costa-vicentina\/","title":{"rendered":"Weitere Bilder"},"content":{"rendered":"<p>Unser Ferienhaus Westalgarve liegt abseits vom Dorf im Naturschutzgebiet der Costa Vicentina nahe Carrapateira<\/p>\n<h2>Bilder aus Pedralva und Umgebung<\/h2>\n<div class=\"swiper\" style=\"width: 100%; height: 600px; overflow: hidden;\"><div class=\"swiper-wrapper\">\n<div class=\"swiper-slide\">\n<div data-thumb='https:\/\/www.algarve-abc.de\/ferienhaus-westalgarve\/wp-content\/uploads\/2019\/01\/10.jpg' style='background-image: url(https:\/\/www.algarve-abc.de\/ferienhaus-westalgarve\/wp-content\/uploads\/2019\/01\/10.jpg); background-position: center center; background-size: contain !important; height: 100%; background-repeat: no-repeat;'>\n<img loading=\"lazy\" decoding=\"async\" src=\"https:\/\/www.algarve-abc.de\/ferienhaus-westalgarve\/wp-content\/uploads\/2019\/01\/10.jpg\" width=\"500\" height=\"375\" alt=\"\" style='opacity: 0; display: none;' \/>\n<\/div>\n<\/div>\n<div class=\"swiper-slide\">\n<div data-thumb='https:\/\/www.algarve-abc.de\/ferienhaus-westalgarve\/wp-content\/uploads\/2019\/01\/11.jpg' style='background-image: url(https:\/\/www.algarve-abc.de\/ferienhaus-westalgarve\/wp-content\/uploads\/2019\/01\/11.jpg); background-position: center center; background-size: contain !important; height: 100%; background-repeat: no-repeat;'>\n<img loading=\"lazy\" decoding=\"async\" src=\"https:\/\/www.algarve-abc.de\/ferienhaus-westalgarve\/wp-content\/uploads\/2019\/01\/11.jpg\" width=\"800\" height=\"521\" alt=\"\" style='opacity: 0; display: none;' \/>\n<\/div>\n<\/div>\n<div class=\"swiper-slide\">\n<div data-thumb='https:\/\/www.algarve-abc.de\/ferienhaus-westalgarve\/wp-content\/uploads\/2019\/01\/12.jpg' style='background-image: url(https:\/\/www.algarve-abc.de\/ferienhaus-westalgarve\/wp-content\/uploads\/2019\/01\/12.jpg); background-position: center center; background-size: contain !important; height: 100%; background-repeat: no-repeat;'>\n<img loading=\"lazy\" decoding=\"async\" src=\"https:\/\/www.algarve-abc.de\/ferienhaus-westalgarve\/wp-content\/uploads\/2019\/01\/12.jpg\" width=\"331\" height=\"209\" alt=\"\" style='opacity: 0; display: none;' \/>\n<\/div>\n<\/div>\n<div class=\"swiper-slide\">\n<div data-thumb='https:\/\/www.algarve-abc.de\/ferienhaus-westalgarve\/wp-content\/uploads\/2019\/01\/13.jpg' style='background-image: url(https:\/\/www.algarve-abc.de\/ferienhaus-westalgarve\/wp-content\/uploads\/2019\/01\/13.jpg); background-position: center center; background-size: contain !important; height: 100%; background-repeat: no-repeat;'>\n<img loading=\"lazy\" decoding=\"async\" src=\"https:\/\/www.algarve-abc.de\/ferienhaus-westalgarve\/wp-content\/uploads\/2019\/01\/13.jpg\" width=\"800\" height=\"521\" alt=\"\" style='opacity: 0; display: none;' \/>\n<\/div>\n<\/div>\n<div class=\"swiper-slide\">\n<div data-thumb='https:\/\/www.algarve-abc.de\/ferienhaus-westalgarve\/wp-content\/uploads\/2019\/01\/14.jpg' style='background-image: url(https:\/\/www.algarve-abc.de\/ferienhaus-westalgarve\/wp-content\/uploads\/2019\/01\/14.jpg); background-position: center center; background-size: contain !important; height: 100%; background-repeat: no-repeat;'>\n<img loading=\"lazy\" decoding=\"async\" src=\"https:\/\/www.algarve-abc.de\/ferienhaus-westalgarve\/wp-content\/uploads\/2019\/01\/14.jpg\" width=\"800\" height=\"521\" alt=\"\" style='opacity: 0; display: none;' \/>\n<\/div>\n<\/div>\n<div class=\"swiper-slide\">\n<div data-thumb='https:\/\/www.algarve-abc.de\/ferienhaus-westalgarve\/wp-content\/uploads\/2019\/01\/2.jpg' style='background-image: url(https:\/\/www.algarve-abc.de\/ferienhaus-westalgarve\/wp-content\/uploads\/2019\/01\/2.jpg); background-position: center center; background-size: contain !important; height: 100%; background-repeat: no-repeat;'>\n<img loading=\"lazy\" decoding=\"async\" src=\"https:\/\/www.algarve-abc.de\/ferienhaus-westalgarve\/wp-content\/uploads\/2019\/01\/2.jpg\" width=\"800\" height=\"1228\" alt=\"\" style='opacity: 0; display: none;' \/>\n<\/div>\n<\/div>\n<div class=\"swiper-slide\">\n<div data-thumb='https:\/\/www.algarve-abc.de\/ferienhaus-westalgarve\/wp-content\/uploads\/2019\/01\/3.jpg' style='background-image: url(https:\/\/www.algarve-abc.de\/ferienhaus-westalgarve\/wp-content\/uploads\/2019\/01\/3.jpg); background-position: center center; background-size: contain !important; height: 100%; background-repeat: no-repeat;'>\n<img loading=\"lazy\" decoding=\"async\" src=\"https:\/\/www.algarve-abc.de\/ferienhaus-westalgarve\/wp-content\/uploads\/2019\/01\/3.jpg\" width=\"800\" height=\"521\" alt=\"\" style='opacity: 0; display: none;' \/>\n<\/div>\n<\/div>\n<div class=\"swiper-slide\">\n<div data-thumb='https:\/\/www.algarve-abc.de\/ferienhaus-westalgarve\/wp-content\/uploads\/2019\/01\/4.jpg' style='background-image: url(https:\/\/www.algarve-abc.de\/ferienhaus-westalgarve\/wp-content\/uploads\/2019\/01\/4.jpg); background-position: center center; background-size: contain !important; height: 100%; background-repeat: no-repeat;'>\n<img loading=\"lazy\" decoding=\"async\" src=\"https:\/\/www.algarve-abc.de\/ferienhaus-westalgarve\/wp-content\/uploads\/2019\/01\/4.jpg\" width=\"800\" height=\"521\" alt=\"\" style='opacity: 0; display: none;' \/>\n<\/div>\n<\/div>\n<div class=\"swiper-slide\">\n<div data-thumb='https:\/\/www.algarve-abc.de\/ferienhaus-westalgarve\/wp-content\/uploads\/2019\/01\/5.jpg' style='background-image: url(https:\/\/www.algarve-abc.de\/ferienhaus-westalgarve\/wp-content\/uploads\/2019\/01\/5.jpg); background-position: center center; background-size: contain !important; height: 100%; background-repeat: no-repeat;'>\n<img loading=\"lazy\" decoding=\"async\" src=\"https:\/\/www.algarve-abc.de\/ferienhaus-westalgarve\/wp-content\/uploads\/2019\/01\/5.jpg\" width=\"800\" height=\"507\" alt=\"\" style='opacity: 0; display: none;' \/>\n<\/div>\n<\/div>\n<div class=\"swiper-slide\">\n<div data-thumb='https:\/\/www.algarve-abc.de\/ferienhaus-westalgarve\/wp-content\/uploads\/2019\/01\/6.jpg' style='background-image: url(https:\/\/www.algarve-abc.de\/ferienhaus-westalgarve\/wp-content\/uploads\/2019\/01\/6.jpg); background-position: center center; background-size: contain !important; height: 100%; background-repeat: no-repeat;'>\n<img loading=\"lazy\" decoding=\"async\" src=\"https:\/\/www.algarve-abc.de\/ferienhaus-westalgarve\/wp-content\/uploads\/2019\/01\/6.jpg\" width=\"800\" height=\"512\" alt=\"\" style='opacity: 0; display: none;' \/>\n<\/div>\n<\/div>\n<div class=\"swiper-slide\">\n<div data-thumb='https:\/\/www.algarve-abc.de\/ferienhaus-westalgarve\/wp-content\/uploads\/2019\/01\/7.jpg' style='background-image: url(https:\/\/www.algarve-abc.de\/ferienhaus-westalgarve\/wp-content\/uploads\/2019\/01\/7.jpg); background-position: center center; background-size: contain !important; height: 100%; background-repeat: no-repeat;'>\n<img loading=\"lazy\" decoding=\"async\" src=\"https:\/\/www.algarve-abc.de\/ferienhaus-westalgarve\/wp-content\/uploads\/2019\/01\/7.jpg\" width=\"800\" height=\"502\" alt=\"\" style='opacity: 0; display: none;' \/>\n<\/div>\n<\/div>\n<div class=\"swiper-slide\">\n<div data-thumb='https:\/\/www.algarve-abc.de\/ferienhaus-westalgarve\/wp-content\/uploads\/2019\/01\/8.jpg' style='background-image: url(https:\/\/www.algarve-abc.de\/ferienhaus-westalgarve\/wp-content\/uploads\/2019\/01\/8.jpg); background-position: center center; background-size: contain !important; height: 100%; background-repeat: no-repeat;'>\n<img loading=\"lazy\" decoding=\"async\" src=\"https:\/\/www.algarve-abc.de\/ferienhaus-westalgarve\/wp-content\/uploads\/2019\/01\/8.jpg\" width=\"800\" height=\"521\" alt=\"\" style='opacity: 0; display: none;' \/>\n<\/div>\n<\/div>\n<div class=\"swiper-slide\">\n<div data-thumb='https:\/\/www.algarve-abc.de\/ferienhaus-westalgarve\/wp-content\/uploads\/2019\/01\/9.jpg' style='background-image: url(https:\/\/www.algarve-abc.de\/ferienhaus-westalgarve\/wp-content\/uploads\/2019\/01\/9.jpg); background-position: center center; background-size: contain !important; height: 100%; background-repeat: no-repeat;'>\n<img loading=\"lazy\" decoding=\"async\" src=\"https:\/\/www.algarve-abc.de\/ferienhaus-westalgarve\/wp-content\/uploads\/2019\/01\/9.jpg\" width=\"800\" height=\"521\" alt=\"\" style='opacity: 0; display: none;' \/>\n<\/div>\n<\/div>\n<div class=\"swiper-slide\">\n<div data-thumb='https:\/\/www.algarve-abc.de\/ferienhaus-westalgarve\/wp-content\/uploads\/2019\/01\/B11.jpg' style='background-image: url(https:\/\/www.algarve-abc.de\/ferienhaus-westalgarve\/wp-content\/uploads\/2019\/01\/B11.jpg); background-position: center center; background-size: contain !important; height: 100%; background-repeat: no-repeat;'>\n<img loading=\"lazy\" decoding=\"async\" src=\"https:\/\/www.algarve-abc.de\/ferienhaus-westalgarve\/wp-content\/uploads\/2019\/01\/B11.jpg\" width=\"800\" height=\"521\" alt=\"\" style='opacity: 0; display: none;' \/>\n<\/div>\n<\/div>\n<div class=\"swiper-slide\">\n<div data-thumb='https:\/\/www.algarve-abc.de\/ferienhaus-westalgarve\/wp-content\/uploads\/2019\/01\/dreivoegel.jpg' style='background-image: url(https:\/\/www.algarve-abc.de\/ferienhaus-westalgarve\/wp-content\/uploads\/2019\/01\/dreivoegel.jpg); background-position: center center; background-size: contain !important; height: 100%; background-repeat: no-repeat;'>\n<img loading=\"lazy\" decoding=\"async\" src=\"https:\/\/www.algarve-abc.de\/ferienhaus-westalgarve\/wp-content\/uploads\/2019\/01\/dreivoegel.jpg\" width=\"600\" height=\"450\" alt=\"\" style='opacity: 0; display: none;' \/>\n<\/div>\n<\/div>\n<div class=\"swiper-slide\">\n<div data-thumb='https:\/\/www.algarve-abc.de\/ferienhaus-westalgarve\/wp-content\/uploads\/2019\/01\/ferkel-nuckeln.jpg' style='background-image: url(https:\/\/www.algarve-abc.de\/ferienhaus-westalgarve\/wp-content\/uploads\/2019\/01\/ferkel-nuckeln.jpg); background-position: center center; background-size: contain !important; height: 100%; background-repeat: no-repeat;'>\n<img loading=\"lazy\" decoding=\"async\" src=\"https:\/\/www.algarve-abc.de\/ferienhaus-westalgarve\/wp-content\/uploads\/2019\/01\/ferkel-nuckeln.jpg\" width=\"640\" height=\"480\" alt=\"\" style='opacity: 0; display: none;' \/>\n<\/div>\n<\/div>\n<div class=\"swiper-slide\">\n<div data-thumb='https:\/\/www.algarve-abc.de\/ferienhaus-westalgarve\/wp-content\/uploads\/2019\/01\/gr\u00fcn-und-blaues-haus-aldeia.jpg' style='background-image: url(https:\/\/www.algarve-abc.de\/ferienhaus-westalgarve\/wp-content\/uploads\/2019\/01\/gr\u00fcn-und-blaues-haus-aldeia.jpg); background-position: center center; background-size: contain !important; height: 100%; background-repeat: no-repeat;'>\n<img loading=\"lazy\" decoding=\"async\" src=\"https:\/\/www.algarve-abc.de\/ferienhaus-westalgarve\/wp-content\/uploads\/2019\/01\/gr\u00fcn-und-blaues-haus-aldeia.jpg\" width=\"640\" height=\"480\" alt=\"\" style='opacity: 0; display: none;' \/>\n<\/div>\n<\/div>\n<div class=\"swiper-slide\">\n<div data-thumb='https:\/\/www.algarve-abc.de\/ferienhaus-westalgarve\/wp-content\/uploads\/2019\/01\/pedralva-fehrne.jpg' style='background-image: url(https:\/\/www.algarve-abc.de\/ferienhaus-westalgarve\/wp-content\/uploads\/2019\/01\/pedralva-fehrne.jpg); background-position: center center; background-size: contain !important; height: 100%; background-repeat: no-repeat;'>\n<img loading=\"lazy\" decoding=\"async\" src=\"https:\/\/www.algarve-abc.de\/ferienhaus-westalgarve\/wp-content\/uploads\/2019\/01\/pedralva-fehrne.jpg\" width=\"640\" height=\"480\" alt=\"\" style='opacity: 0; display: none;' \/>\n<\/div>\n<\/div>\n<div class=\"swiper-slide\">\n<div data-thumb='https:\/\/www.algarve-abc.de\/ferienhaus-westalgarve\/wp-content\/uploads\/2019\/01\/pedralva-von-innen.jpg' style='background-image: url(https:\/\/www.algarve-abc.de\/ferienhaus-westalgarve\/wp-content\/uploads\/2019\/01\/pedralva-von-innen.jpg); background-position: center center; background-size: contain !important; height: 100%; background-repeat: no-repeat;'>\n<img loading=\"lazy\" decoding=\"async\" src=\"https:\/\/www.algarve-abc.de\/ferienhaus-westalgarve\/wp-content\/uploads\/2019\/01\/pedralva-von-innen.jpg\" width=\"640\" height=\"480\" alt=\"\" style='opacity: 0; display: none;' \/>\n<\/div>\n<\/div>\n<div class=\"swiper-slide\">\n<div data-thumb='https:\/\/www.algarve-abc.de\/ferienhaus-westalgarve\/wp-content\/uploads\/2019\/01\/pizza-pazza.jpg' style='background-image: url(https:\/\/www.algarve-abc.de\/ferienhaus-westalgarve\/wp-content\/uploads\/2019\/01\/pizza-pazza.jpg); background-position: center center; background-size: contain !important; height: 100%; background-repeat: no-repeat;'>\n<img loading=\"lazy\" decoding=\"async\" src=\"https:\/\/www.algarve-abc.de\/ferienhaus-westalgarve\/wp-content\/uploads\/2019\/01\/pizza-pazza.jpg\" width=\"640\" height=\"480\" alt=\"\" style='opacity: 0; display: none;' \/>\n<\/div>\n<\/div>\n<div class=\"swiper-slide\">\n<div data-thumb='https:\/\/www.algarve-abc.de\/ferienhaus-westalgarve\/wp-content\/uploads\/2019\/01\/pony.jpg' style='background-image: url(https:\/\/www.algarve-abc.de\/ferienhaus-westalgarve\/wp-content\/uploads\/2019\/01\/pony.jpg); background-position: center center; background-size: contain !important; height: 100%; background-repeat: no-repeat;'>\n<img loading=\"lazy\" decoding=\"async\" src=\"https:\/\/www.algarve-abc.de\/ferienhaus-westalgarve\/wp-content\/uploads\/2019\/01\/pony.jpg\" width=\"640\" height=\"480\" alt=\"\" style='opacity: 0; display: none;' \/>\n<\/div>\n<\/div>\n<div class=\"swiper-slide\">\n<div data-thumb='https:\/\/www.algarve-abc.de\/ferienhaus-westalgarve\/wp-content\/uploads\/2019\/01\/schildkr\u00f6te.jpg' style='background-image: url(https:\/\/www.algarve-abc.de\/ferienhaus-westalgarve\/wp-content\/uploads\/2019\/01\/schildkr\u00f6te.jpg); background-position: center center; background-size: contain !important; height: 100%; background-repeat: no-repeat;'>\n<img loading=\"lazy\" decoding=\"async\" src=\"https:\/\/www.algarve-abc.de\/ferienhaus-westalgarve\/wp-content\/uploads\/2019\/01\/schildkr\u00f6te.jpg\" width=\"600\" height=\"450\" alt=\"\" style='opacity: 0; display: none;' \/>\n<\/div>\n<\/div>\n<div class=\"swiper-slide\">\n<div data-thumb='https:\/\/www.algarve-abc.de\/ferienhaus-westalgarve\/wp-content\/uploads\/2019\/01\/schweine.jpg' style='background-image: url(https:\/\/www.algarve-abc.de\/ferienhaus-westalgarve\/wp-content\/uploads\/2019\/01\/schweine.jpg); background-position: center center; background-size: contain !important; height: 100%; background-repeat: no-repeat;'>\n<img loading=\"lazy\" decoding=\"async\" src=\"https:\/\/www.algarve-abc.de\/ferienhaus-westalgarve\/wp-content\/uploads\/2019\/01\/schweine.jpg\" width=\"640\" height=\"480\" alt=\"\" style='opacity: 0; display: none;' \/>\n<\/div>\n<\/div>\n<div class=\"swiper-slide\">\n<div data-thumb='https:\/\/www.algarve-abc.de\/ferienhaus-westalgarve\/wp-content\/uploads\/2019\/01\/seerose.jpg' style='background-image: url(https:\/\/www.algarve-abc.de\/ferienhaus-westalgarve\/wp-content\/uploads\/2019\/01\/seerose.jpg); background-position: center center; background-size: contain !important; height: 100%; background-repeat: no-repeat;'>\n<img loading=\"lazy\" decoding=\"async\" src=\"https:\/\/www.algarve-abc.de\/ferienhaus-westalgarve\/wp-content\/uploads\/2019\/01\/seerose.jpg\" width=\"600\" height=\"450\" alt=\"\" style='opacity: 0; display: none;' \/>\n<\/div>\n<\/div>\n<div class=\"swiper-slide\">\n<div data-thumb='https:\/\/www.algarve-abc.de\/ferienhaus-westalgarve\/wp-content\/uploads\/2019\/01\/sitio-da-pedralva.jpg' style='background-image: url(https:\/\/www.algarve-abc.de\/ferienhaus-westalgarve\/wp-content\/uploads\/2019\/01\/sitio-da-pedralva.jpg); background-position: center center; background-size: contain !important; height: 100%; background-repeat: no-repeat;'>\n<img loading=\"lazy\" decoding=\"async\" src=\"https:\/\/www.algarve-abc.de\/ferienhaus-westalgarve\/wp-content\/uploads\/2019\/01\/sitio-da-pedralva.jpg\" width=\"640\" height=\"480\" alt=\"\" style='opacity: 0; display: none;' \/>\n<\/div>\n<\/div>\n<\/div><\/div>\n<div class=\"swiper-pagination-test\"><\/div>\n\n<p><strong>Pedralva<\/strong><br \/>\nInmitten des Naturschutzgebietes der West Algarve, Sudoeste Alentejano e Costa Vicentina, liegt die Gemeinde Vila do Bispo. Teil dieses \u201cconcelho\u201d, wie die Gemeinden in Portugal genannt werden, ist das kleine \u00d6rtchen Pedralva, das etwas abseits der Verbindungsstra\u00dfe von Vila do Bispo und Carrapateira in einem ruhigen Tal zu finden ist. Pedralva besteht aus 30 H\u00e4usern, die alle renoviert wurden, um zum Teil als Ferienh\u00e4user den Besuchern dieser wundersch\u00f6nen Gegend am letzten Zipfel des westeurop\u00e4ischen Festlandes eine komfortable Unterkunft zu bieten. Auch finden Sie hier einen kleinen Supermarkt und die ber\u00fchmte Pizzeria Pizza Pazza, In K\u00fcrze er\u00f6ffnet ein weiteres Restaurant, das landestypische Speisen anbieten wird. Au\u00dferhalb des Dorfes finden Sie auch das Ferienhaus Westalgarve. Der rustikale Stil der originalen H\u00e4user an der West Algarve wird hierbei beibehalten, so dass sich die H\u00e4user unauff\u00e4llig in die Landschaft schmiegen.<\/p>\n<p>Von Pedralva aus l\u00e4sst sich das nahe Carrapateira, der vor allem bei Surfern sehr bekannte Badeort mit seinen wundersch\u00f6nen Str\u00e4nden, dem Praia do Amado und dem Praia da Bordeira, mit dem Auto in f\u00fcnf Minuten erreichen.<\/p>\n<p>Zehn Minuten sind es von Pedralva bis nach Vila do Bispo, dessen Geschichte bis ins Mittelalter zur\u00fcckreicht. Hier gibt es die M\u00f6glichkeit, die gut erhaltene alte Kirche zu besichtigen und so einen Ausflug in die Geschichte der Gegend zu unternehmen. Im Anschluss k\u00f6nnen die n\u00f6tigen Eink\u00e4ufe gemacht werden (t\u00e4glich Markt mit frischem Fisch, Fleisch , Gem\u00fcse und Obst) und man kann sich in den landestypischen Restaurants einmal richtig verw\u00f6hnen lassen.<\/p>\n<p>Unser Ferienhaus, das etwa 700 Meter au\u00dferhalb des Ortes Pedralva liegt, ist ein wunderbarer Ausgangspunkt f\u00fcr Ausfl\u00fcge an die herrlichen Str\u00e4nde der West Algarve und f\u00fcr Wanderungen und Radtouren durch die urspr\u00fcngliche Natur der Umgebung. Nicht zuletzt bietet es durch seine Lage, abseits der anderen H\u00e4user Pedralvas, die n\u00f6tige Ruhe zur Entspannung am Ende ereignisreicher Tage.<\/p>\n","protected":false},"excerpt":{"rendered":"<p>Unser Ferienhaus Westalgarve liegt abseits vom Dorf im Naturschutzgebiet der Costa Vicentina nahe Carrapateira Bilder aus Pedralva und Umgebung Pedralva Inmitten des Naturschutzgebietes der West Algarve, Sudoeste Alentejano e Costa Vicentina, liegt die Gemeinde Vila do Bispo. Teil dieses \u201cconcelho\u201d, wie die Gemeinden in Portugal genannt werden, ist das kleine \u00d6rtchen Pedralva, das etwas abseits [&hellip;]<\/p>\n","protected":false},"author":1,"featured_media":0,"parent":0,"menu_order":6,"comment_status":"closed","ping_status":"closed","template":"page-templates\/page-full-width.php","meta":{"om_disable_all_campaigns":false,"_monsterinsights_skip_tracking":false,"_monsterinsights_sitenote_active":false,"_monsterinsights_sitenote_note":"","_monsterinsights_sitenote_category":0,"footnotes":""},"tags":[],"class_list":["post-331","page","type-page","status-publish","hentry"],"aioseo_notices":[],"_links":{"self":[{"href":"https:\/\/www.algarve-abc.de\/ferienhaus-westalgarve\/wp-json\/wp\/v2\/pages\/331","targetHints":{"allow":["GET"]}}],"collection":[{"href":"https:\/\/www.algarve-abc.de\/ferienhaus-westalgarve\/wp-json\/wp\/v2\/pages"}],"about":[{"href":"https:\/\/www.algarve-abc.de\/ferienhaus-westalgarve\/wp-json\/wp\/v2\/types\/page"}],"author":[{"embeddable":true,"href":"https:\/\/www.algarve-abc.de\/ferienhaus-westalgarve\/wp-json\/wp\/v2\/users\/1"}],"replies":[{"embeddable":true,"href":"https:\/\/www.algarve-abc.de\/ferienhaus-westalgarve\/wp-json\/wp\/v2\/comments?post=331"}],"version-history":[{"count":0,"href":"https:\/\/www.algarve-abc.de\/ferienhaus-westalgarve\/wp-json\/wp\/v2\/pages\/331\/revisions"}],"wp:attachment":[{"href":"https:\/\/www.algarve-abc.de\/ferienhaus-westalgarve\/wp-json\/wp\/v2\/media?parent=331"}],"wp:term":[{"taxonomy":"post_tag","embeddable":true,"href":"https:\/\/www.algarve-abc.de\/ferienhaus-westalgarve\/wp-json\/wp\/v2\/tags?post=331"}],"curies":[{"name":"wp","href":"https:\/\/api.w.org\/{rel}","templated":true}]}}