{"id":3468,"date":"2022-02-11T16:16:47","date_gmt":"2022-02-11T15:16:47","guid":{"rendered":"https:\/\/www.algarve-abc.de\/?page_id=3468"},"modified":"2025-07-10T18:49:20","modified_gmt":"2025-07-10T16:49:20","slug":"casa-franco-en-salema-para-4-personas","status":"publish","type":"page","link":"https:\/\/www.algarve-abc.de\/ferienhaus-westalgarve\/casa-franco-en-salema-para-4-personas\/","title":{"rendered":"Casa Franco en Salema"},"content":{"rendered":"<div class=\"swiper\" style=\"width: 100%; height: 600px; overflow: hidden;\"><div class=\"swiper-wrapper\">\n<div class=\"swiper-slide\">\n<div data-thumb='https:\/\/www.algarve-abc.de\/ferienhaus-westalgarve\/wp-content\/uploads\/2024\/07\/CASA-Franco-12-scaled.jpg' style='background-image: url(https:\/\/www.algarve-abc.de\/ferienhaus-westalgarve\/wp-content\/uploads\/2024\/07\/CASA-Franco-12-scaled.jpg); background-position: center center; background-size: contain !important; height: 100%; background-repeat: no-repeat;'>\n<img loading=\"lazy\" decoding=\"async\" src=\"https:\/\/www.algarve-abc.de\/ferienhaus-westalgarve\/wp-content\/uploads\/2024\/07\/CASA-Franco-12-scaled.jpg\" width=\"2560\" height=\"1707\" alt=\"\" style='opacity: 0; display: none;' \/>\n<\/div>\n<\/div>\n<div class=\"swiper-slide\">\n<div data-thumb='https:\/\/www.algarve-abc.de\/ferienhaus-westalgarve\/wp-content\/uploads\/2024\/07\/CASA-Franco-10-scaled.jpg' style='background-image: url(https:\/\/www.algarve-abc.de\/ferienhaus-westalgarve\/wp-content\/uploads\/2024\/07\/CASA-Franco-10-scaled.jpg); background-position: center center; background-size: contain !important; height: 100%; background-repeat: no-repeat;'>\n<img loading=\"lazy\" decoding=\"async\" src=\"https:\/\/www.algarve-abc.de\/ferienhaus-westalgarve\/wp-content\/uploads\/2024\/07\/CASA-Franco-10-scaled.jpg\" width=\"2560\" height=\"1707\" alt=\"\" style='opacity: 0; display: none;' \/>\n<\/div>\n<\/div>\n<div class=\"swiper-slide\">\n<div data-thumb='https:\/\/www.algarve-abc.de\/ferienhaus-westalgarve\/wp-content\/uploads\/2024\/07\/CASA-Franco-11-scaled.jpg' style='background-image: url(https:\/\/www.algarve-abc.de\/ferienhaus-westalgarve\/wp-content\/uploads\/2024\/07\/CASA-Franco-11-scaled.jpg); background-position: center center; background-size: contain !important; height: 100%; background-repeat: no-repeat;'>\n<img loading=\"lazy\" decoding=\"async\" src=\"https:\/\/www.algarve-abc.de\/ferienhaus-westalgarve\/wp-content\/uploads\/2024\/07\/CASA-Franco-11-scaled.jpg\" width=\"1707\" height=\"2560\" alt=\"\" style='opacity: 0; display: none;' \/>\n<\/div>\n<\/div>\n<div class=\"swiper-slide\">\n<div data-thumb='https:\/\/www.algarve-abc.de\/ferienhaus-westalgarve\/wp-content\/uploads\/2024\/07\/CASA-Franco-14-scaled.jpg' style='background-image: url(https:\/\/www.algarve-abc.de\/ferienhaus-westalgarve\/wp-content\/uploads\/2024\/07\/CASA-Franco-14-scaled.jpg); background-position: center center; background-size: contain !important; height: 100%; background-repeat: no-repeat;'>\n<img loading=\"lazy\" decoding=\"async\" src=\"https:\/\/www.algarve-abc.de\/ferienhaus-westalgarve\/wp-content\/uploads\/2024\/07\/CASA-Franco-14-scaled.jpg\" width=\"2560\" height=\"1707\" alt=\"\" style='opacity: 0; display: none;' \/>\n<\/div>\n<\/div>\n<div class=\"swiper-slide\">\n<div data-thumb='https:\/\/www.algarve-abc.de\/ferienhaus-westalgarve\/wp-content\/uploads\/2024\/07\/CASA-Franco-5-scaled.jpg' style='background-image: url(https:\/\/www.algarve-abc.de\/ferienhaus-westalgarve\/wp-content\/uploads\/2024\/07\/CASA-Franco-5-scaled.jpg); background-position: center center; background-size: contain !important; height: 100%; background-repeat: no-repeat;'>\n<img loading=\"lazy\" decoding=\"async\" src=\"https:\/\/www.algarve-abc.de\/ferienhaus-westalgarve\/wp-content\/uploads\/2024\/07\/CASA-Franco-5-scaled.jpg\" width=\"2560\" height=\"1707\" alt=\"\" style='opacity: 0; display: none;' \/>\n<\/div>\n<\/div>\n<div class=\"swiper-slide\">\n<div data-thumb='https:\/\/www.algarve-abc.de\/ferienhaus-westalgarve\/wp-content\/uploads\/2024\/07\/CASA-Franco-4-scaled.jpg' style='background-image: url(https:\/\/www.algarve-abc.de\/ferienhaus-westalgarve\/wp-content\/uploads\/2024\/07\/CASA-Franco-4-scaled.jpg); background-position: center center; background-size: contain !important; height: 100%; background-repeat: no-repeat;'>\n<img loading=\"lazy\" decoding=\"async\" src=\"https:\/\/www.algarve-abc.de\/ferienhaus-westalgarve\/wp-content\/uploads\/2024\/07\/CASA-Franco-4-scaled.jpg\" width=\"2560\" height=\"1707\" alt=\"\" style='opacity: 0; display: none;' \/>\n<\/div>\n<\/div>\n<div class=\"swiper-slide\">\n<div data-thumb='https:\/\/www.algarve-abc.de\/ferienhaus-westalgarve\/wp-content\/uploads\/2024\/07\/CASA-Franco-6-scaled.jpg' style='background-image: url(https:\/\/www.algarve-abc.de\/ferienhaus-westalgarve\/wp-content\/uploads\/2024\/07\/CASA-Franco-6-scaled.jpg); background-position: center center; background-size: contain !important; height: 100%; background-repeat: no-repeat;'>\n<img loading=\"lazy\" decoding=\"async\" src=\"https:\/\/www.algarve-abc.de\/ferienhaus-westalgarve\/wp-content\/uploads\/2024\/07\/CASA-Franco-6-scaled.jpg\" width=\"1707\" height=\"2560\" alt=\"\" style='opacity: 0; display: none;' \/>\n<\/div>\n<\/div>\n<div class=\"swiper-slide\">\n<div data-thumb='https:\/\/www.algarve-abc.de\/ferienhaus-westalgarve\/wp-content\/uploads\/2024\/07\/CASA-Franco-9-scaled.jpg' style='background-image: url(https:\/\/www.algarve-abc.de\/ferienhaus-westalgarve\/wp-content\/uploads\/2024\/07\/CASA-Franco-9-scaled.jpg); background-position: center center; background-size: contain !important; height: 100%; background-repeat: no-repeat;'>\n<img loading=\"lazy\" decoding=\"async\" src=\"https:\/\/www.algarve-abc.de\/ferienhaus-westalgarve\/wp-content\/uploads\/2024\/07\/CASA-Franco-9-scaled.jpg\" width=\"1707\" height=\"2560\" alt=\"\" style='opacity: 0; display: none;' \/>\n<\/div>\n<\/div>\n<div class=\"swiper-slide\">\n<div data-thumb='https:\/\/www.algarve-abc.de\/ferienhaus-westalgarve\/wp-content\/uploads\/2024\/07\/CASA-Franco-8-scaled.jpg' style='background-image: url(https:\/\/www.algarve-abc.de\/ferienhaus-westalgarve\/wp-content\/uploads\/2024\/07\/CASA-Franco-8-scaled.jpg); background-position: center center; background-size: contain !important; height: 100%; background-repeat: no-repeat;'>\n<img loading=\"lazy\" decoding=\"async\" src=\"https:\/\/www.algarve-abc.de\/ferienhaus-westalgarve\/wp-content\/uploads\/2024\/07\/CASA-Franco-8-scaled.jpg\" width=\"1707\" height=\"2560\" alt=\"\" style='opacity: 0; display: none;' \/>\n<\/div>\n<\/div>\n<div class=\"swiper-slide\">\n<div data-thumb='https:\/\/www.algarve-abc.de\/ferienhaus-westalgarve\/wp-content\/uploads\/2024\/07\/CASA-Franco-3-scaled.jpg' style='background-image: url(https:\/\/www.algarve-abc.de\/ferienhaus-westalgarve\/wp-content\/uploads\/2024\/07\/CASA-Franco-3-scaled.jpg); background-position: center center; background-size: contain !important; height: 100%; background-repeat: no-repeat;'>\n<img loading=\"lazy\" decoding=\"async\" src=\"https:\/\/www.algarve-abc.de\/ferienhaus-westalgarve\/wp-content\/uploads\/2024\/07\/CASA-Franco-3-scaled.jpg\" width=\"2560\" height=\"1707\" alt=\"\" style='opacity: 0; display: none;' \/>\n<\/div>\n<\/div>\n<div class=\"swiper-slide\">\n<div data-thumb='https:\/\/www.algarve-abc.de\/ferienhaus-westalgarve\/wp-content\/uploads\/2024\/07\/CASA-Franco-2-scaled.jpg' style='background-image: url(https:\/\/www.algarve-abc.de\/ferienhaus-westalgarve\/wp-content\/uploads\/2024\/07\/CASA-Franco-2-scaled.jpg); background-position: center center; background-size: contain !important; height: 100%; background-repeat: no-repeat;'>\n<img loading=\"lazy\" decoding=\"async\" src=\"https:\/\/www.algarve-abc.de\/ferienhaus-westalgarve\/wp-content\/uploads\/2024\/07\/CASA-Franco-2-scaled.jpg\" width=\"2560\" height=\"1707\" alt=\"\" style='opacity: 0; display: none;' \/>\n<\/div>\n<\/div>\n<div class=\"swiper-slide\">\n<div data-thumb='https:\/\/www.algarve-abc.de\/ferienhaus-westalgarve\/wp-content\/uploads\/2024\/07\/CASA-Franco-7-scaled.jpg' style='background-image: url(https:\/\/www.algarve-abc.de\/ferienhaus-westalgarve\/wp-content\/uploads\/2024\/07\/CASA-Franco-7-scaled.jpg); background-position: center center; background-size: contain !important; height: 100%; background-repeat: no-repeat;'>\n<img loading=\"lazy\" decoding=\"async\" src=\"https:\/\/www.algarve-abc.de\/ferienhaus-westalgarve\/wp-content\/uploads\/2024\/07\/CASA-Franco-7-scaled.jpg\" width=\"1707\" height=\"2560\" alt=\"\" style='opacity: 0; display: none;' \/>\n<\/div>\n<\/div>\n<div class=\"swiper-slide\">\n<div data-thumb='https:\/\/www.algarve-abc.de\/ferienhaus-westalgarve\/wp-content\/uploads\/2024\/07\/CASA-Franco-13-scaled.jpg' style='background-image: url(https:\/\/www.algarve-abc.de\/ferienhaus-westalgarve\/wp-content\/uploads\/2024\/07\/CASA-Franco-13-scaled.jpg); background-position: center center; background-size: contain !important; height: 100%; background-repeat: no-repeat;'>\n<img loading=\"lazy\" decoding=\"async\" src=\"https:\/\/www.algarve-abc.de\/ferienhaus-westalgarve\/wp-content\/uploads\/2024\/07\/CASA-Franco-13-scaled.jpg\" width=\"2560\" height=\"1707\" alt=\"\" style='opacity: 0; display: none;' \/>\n<\/div>\n<\/div>\n<div class=\"swiper-slide\">\n<div data-thumb='https:\/\/www.algarve-abc.de\/ferienhaus-westalgarve\/wp-content\/uploads\/2024\/07\/CASA-Franco-20-scaled.jpg' style='background-image: url(https:\/\/www.algarve-abc.de\/ferienhaus-westalgarve\/wp-content\/uploads\/2024\/07\/CASA-Franco-20-scaled.jpg); background-position: center center; background-size: contain !important; height: 100%; background-repeat: no-repeat;'>\n<img loading=\"lazy\" decoding=\"async\" src=\"https:\/\/www.algarve-abc.de\/ferienhaus-westalgarve\/wp-content\/uploads\/2024\/07\/CASA-Franco-20-scaled.jpg\" width=\"2560\" height=\"1707\" alt=\"\" style='opacity: 0; display: none;' \/>\n<\/div>\n<\/div>\n<div class=\"swiper-slide\">\n<div data-thumb='https:\/\/www.algarve-abc.de\/ferienhaus-westalgarve\/wp-content\/uploads\/2024\/07\/CASA-Franco-19-scaled.jpg' style='background-image: url(https:\/\/www.algarve-abc.de\/ferienhaus-westalgarve\/wp-content\/uploads\/2024\/07\/CASA-Franco-19-scaled.jpg); background-position: center center; background-size: contain !important; height: 100%; background-repeat: no-repeat;'>\n<img loading=\"lazy\" decoding=\"async\" src=\"https:\/\/www.algarve-abc.de\/ferienhaus-westalgarve\/wp-content\/uploads\/2024\/07\/CASA-Franco-19-scaled.jpg\" width=\"2560\" height=\"1707\" alt=\"\" style='opacity: 0; display: none;' \/>\n<\/div>\n<\/div>\n<\/div><\/div>\n<div class=\"swiper-pagination-test\"><\/div>\n\n<h2>CASA FRANCO centralmente ubicada en Salema a solo 40 metros de la playa<\/h2>\n<p><strong>Los precios se comprenden por noche para 2 personas<\/strong><\/p>\n<table border=\"0\" width=\"560\" cellspacing=\"2\" cellpadding=\"0\">\n<tbody>\n<tr>\n<td width=\"209\" height=\"24\">Januar\/ Februar\/ M\u00e4rz\/ November\/ Dezember<\/td>\n<td width=\"31%\" height=\"24\">por Noche<\/td>\n<td width=\"31%\" height=\"24\">95,- Euro<\/td>\n<\/tr>\n<tr>\n<td width=\"209\" height=\"23\">April\/ Mai<\/td>\n<td width=\"31%\" height=\"23\">por Noche<\/td>\n<td width=\"31%\" height=\"23\">105,- Euro<\/td>\n<\/tr>\n<tr>\n<td width=\"209\" height=\"23\">August<\/td>\n<td width=\"31%\" height=\"23\">por Noche<\/td>\n<td width=\"31%\" height=\"23\">160,- Euro<\/td>\n<\/tr>\n<tr>\n<td width=\"209\" height=\"23\">Juni\/ Oktober<\/td>\n<td width=\"31%\" height=\"23\">por Noche<\/td>\n<td width=\"31%\" height=\"23\">130,- Euro<\/td>\n<\/tr>\n<tr>\n<td width=\"209\" height=\"23\">Juli\/ September<\/td>\n<td width=\"31%\" height=\"23\">por Noche<\/td>\n<td width=\"31%\" height=\"23\">150,- Euro<\/td>\n<\/tr>\n<\/tbody>\n<\/table>\n<ul>\n<li style=\"list-style-type: none;\">\n<ul>\n<li style=\"list-style-type: none;\">\n<ul>\n<li>Cada persona extra son de 20 euros por noche.<\/li>\n<li>Ninos de 0 a 18 anos:\u2026.. 20,- euros \/ noche<\/li>\n<li><\/li>\n<li>Est\u00e1 disponible una cuna de viaje para beb\u00e9s . Durante el invierono la cabana dispone de una chimenea.<\/li>\n<li>Tel +49 (0) 8431 431 2969<br \/>\nFax +49 (0) 8431 43129690<\/li>\n<li><\/li>\n<li><\/li>\n<li>por favor inf\u00f3rmese <a href=\"mailto:appartement-pedralva@gmx.net?subject=Anfrage&amp;body=Ich%20interessiere%20mich%20f%C3%BCr%20ein%20Ferienhaus.\">aqu\u00ed v\u00eda Mail<\/a><\/li>\n<li><\/li>\n<li>Por favor, consulten precios especiales para estancias m\u00e1s largas en invierno.<\/li>\n<\/ul>\n<\/li>\n<\/ul>\n<\/li>\n<\/ul>\n<p>&nbsp;<\/p>\n<p>La antigua casa de pescadores fue completamente rehabilitada y remodelada. Poniendo un nuevo techo abierto, quitando diferentes paredes y el interior con nueva cocina y nuevo cuarto de bano ahora casi no se puede reconocer y consta de un espacio interior que uno no se imaginar\u00eda viendo la casa del exterior.<\/p>\n<p>La casa dispone de una sala de estar grande (pantalla plana) con una mesa de comedor para seis personas, siguen la barra y la cocina (completamente equipada con un horno de gas para cocinar (4 llamas) y hornear, resfrigerador con congelador, lavaplatos).<\/p>\n<p>Dispone de un techo alto con 16 metros cuadrados, que se sube tras una escalera de madera, se encuentra una cama doble con un ancho de 160 cm y un armario ropero.<\/p>\n<p>El cuarto de bano con ducha es calefactable con calefacci\u00f3n de pared y de suelo.<\/p>\n<p>En el cuarto de ninos est\u00e1 una litera (2 x 2m x 90cm cochones) para su disposici\u00f3n. Esta habitaci\u00f3n tambi\u00e9n se puede calentar agradablemente.<\/p>\n<p>Naturalmente, una lavadora est\u00e1 disponible.<\/p>\n<p>Dos grandes ventanas de techo dan luminosidad a la casa, pero igualmente podr\u00edan ser cerradas con persianas el\u00e9ctricas,<\/p>\n<p>La terraza es un buen lugar para sentarse tranquilamente en la mesa de madera con cuatro sillas, relajarse o dar un aseo. Pueden ir a buscar pescado fresco directamente en Salema en el mercado de mar!<\/p>\n<p>En invierno o en d\u00edas frescos o lluviosos, la chimenea da un calor agradable pues el Atl\u00e1ntico desde octubre hasta abril, sobre todo por la noche, da un poquito de fr\u00edo.<br \/>\nLa reserva nacional de la Costa Vicentina, m\u00e1s de 30 playas en la inmediaciones, muchos monumentos y ofertas deportivas como hacer surf, el buceo, ir en barca, escalar, volar con parapentes, hacer mountain bike, jugar al golf, pescar\u2026.no deben quedar sin probar por ustedes.<\/p>\n<p>Nuestra regi\u00f3n pertenece a las m\u00e1s bonitas de toda Europa. Con mucho gusto les ayudamos a alquilar un coche en este maravilloso lugar.<\/p>\n<p>&nbsp;<\/p>\n<p><a href=\"https:\/\/www.lorenz-iblher.com\/fotografo-de-imoveis-fotografia-de-interiores-apartamentos-moradias-escritorios-lojas-arquitetura\/\" rel=\"nofollow \">Os nossos im\u00f3veis foram fotografados por Lorenz Iblher Photography<\/a><\/p>\n<p>&nbsp;<\/p>\n<p>&nbsp;<\/p>\n","protected":false},"excerpt":{"rendered":"<p>CASA FRANCO centralmente ubicada en Salema a solo 40 metros de la playa Los precios se comprenden por noche para 2 personas Januar\/ Februar\/ M\u00e4rz\/ November\/ Dezember por Noche 95,- Euro April\/ Mai por Noche 105,- Euro August por Noche 160,- Euro Juni\/ Oktober por Noche 130,- Euro Juli\/ September por Noche 150,- Euro Cada [&hellip;]<\/p>\n","protected":false},"author":2,"featured_media":0,"parent":0,"menu_order":0,"comment_status":"closed","ping_status":"closed","template":"page-templates\/page-full-width.php","meta":{"om_disable_all_campaigns":false,"_monsterinsights_skip_tracking":false,"_monsterinsights_sitenote_active":false,"_monsterinsights_sitenote_note":"","_monsterinsights_sitenote_category":0,"footnotes":""},"tags":[],"class_list":["post-3468","page","type-page","status-publish","hentry"],"aioseo_notices":[],"_links":{"self":[{"href":"https:\/\/www.algarve-abc.de\/ferienhaus-westalgarve\/wp-json\/wp\/v2\/pages\/3468","targetHints":{"allow":["GET"]}}],"collection":[{"href":"https:\/\/www.algarve-abc.de\/ferienhaus-westalgarve\/wp-json\/wp\/v2\/pages"}],"about":[{"href":"https:\/\/www.algarve-abc.de\/ferienhaus-westalgarve\/wp-json\/wp\/v2\/types\/page"}],"author":[{"embeddable":true,"href":"https:\/\/www.algarve-abc.de\/ferienhaus-westalgarve\/wp-json\/wp\/v2\/users\/2"}],"replies":[{"embeddable":true,"href":"https:\/\/www.algarve-abc.de\/ferienhaus-westalgarve\/wp-json\/wp\/v2\/comments?post=3468"}],"version-history":[{"count":8,"href":"https:\/\/www.algarve-abc.de\/ferienhaus-westalgarve\/wp-json\/wp\/v2\/pages\/3468\/revisions"}],"predecessor-version":[{"id":3769,"href":"https:\/\/www.algarve-abc.de\/ferienhaus-westalgarve\/wp-json\/wp\/v2\/pages\/3468\/revisions\/3769"}],"wp:attachment":[{"href":"https:\/\/www.algarve-abc.de\/ferienhaus-westalgarve\/wp-json\/wp\/v2\/media?parent=3468"}],"wp:term":[{"taxonomy":"post_tag","embeddable":true,"href":"https:\/\/www.algarve-abc.de\/ferienhaus-westalgarve\/wp-json\/wp\/v2\/tags?post=3468"}],"curies":[{"name":"wp","href":"https:\/\/api.w.org\/{rel}","templated":true}]}}