{"id":3470,"date":"2022-02-11T16:26:40","date_gmt":"2022-02-11T15:26:40","guid":{"rendered":"https:\/\/www.algarve-abc.de\/?page_id=3470"},"modified":"2025-07-10T18:47:47","modified_gmt":"2025-07-10T16:47:47","slug":"casa-da-nacente-en-la-aldea-de-pedralva","status":"publish","type":"page","link":"https:\/\/www.algarve-abc.de\/ferienhaus-westalgarve\/casa-da-nacente-en-la-aldea-de-pedralva\/","title":{"rendered":"Casa da Nacente\u201d en la aldea de Pedralva"},"content":{"rendered":"<h2><b>Casa de vacaciones en Pedralva\u00a0<\/b><\/h2>\n<div class=\"swiper\" style=\"width: 100%; height: 600px; overflow: hidden;\"><div class=\"swiper-wrapper\">\n<div class=\"swiper-slide\">\n<div data-thumb='https:\/\/www.algarve-abc.de\/ferienhaus-westalgarve\/wp-content\/uploads\/2024\/07\/CASA-Nascente-6-scaled.jpg' style='background-image: url(https:\/\/www.algarve-abc.de\/ferienhaus-westalgarve\/wp-content\/uploads\/2024\/07\/CASA-Nascente-6-scaled.jpg); background-position: center center; background-size: contain !important; height: 100%; background-repeat: no-repeat;'>\n<img loading=\"lazy\" decoding=\"async\" src=\"https:\/\/www.algarve-abc.de\/ferienhaus-westalgarve\/wp-content\/uploads\/2024\/07\/CASA-Nascente-6-scaled.jpg\" width=\"2560\" height=\"1707\" alt=\"\" style='opacity: 0; display: none;' \/>\n<\/div>\n<\/div>\n<div class=\"swiper-slide\">\n<div data-thumb='https:\/\/www.algarve-abc.de\/ferienhaus-westalgarve\/wp-content\/uploads\/2024\/07\/CASA-Nascente-5-scaled.jpg' style='background-image: url(https:\/\/www.algarve-abc.de\/ferienhaus-westalgarve\/wp-content\/uploads\/2024\/07\/CASA-Nascente-5-scaled.jpg); background-position: center center; background-size: contain !important; height: 100%; background-repeat: no-repeat;'>\n<img loading=\"lazy\" decoding=\"async\" src=\"https:\/\/www.algarve-abc.de\/ferienhaus-westalgarve\/wp-content\/uploads\/2024\/07\/CASA-Nascente-5-scaled.jpg\" width=\"2560\" height=\"1707\" alt=\"\" style='opacity: 0; display: none;' \/>\n<\/div>\n<\/div>\n<div class=\"swiper-slide\">\n<div data-thumb='https:\/\/www.algarve-abc.de\/ferienhaus-westalgarve\/wp-content\/uploads\/2024\/07\/CASA-Nascente-4-scaled.jpg' style='background-image: url(https:\/\/www.algarve-abc.de\/ferienhaus-westalgarve\/wp-content\/uploads\/2024\/07\/CASA-Nascente-4-scaled.jpg); background-position: center center; background-size: contain !important; height: 100%; background-repeat: no-repeat;'>\n<img loading=\"lazy\" decoding=\"async\" src=\"https:\/\/www.algarve-abc.de\/ferienhaus-westalgarve\/wp-content\/uploads\/2024\/07\/CASA-Nascente-4-scaled.jpg\" width=\"2560\" height=\"1707\" alt=\"\" style='opacity: 0; display: none;' \/>\n<\/div>\n<\/div>\n<div class=\"swiper-slide\">\n<div data-thumb='https:\/\/www.algarve-abc.de\/ferienhaus-westalgarve\/wp-content\/uploads\/2024\/07\/CASA-Nascente-3-scaled.jpg' style='background-image: url(https:\/\/www.algarve-abc.de\/ferienhaus-westalgarve\/wp-content\/uploads\/2024\/07\/CASA-Nascente-3-scaled.jpg); background-position: center center; background-size: contain !important; height: 100%; background-repeat: no-repeat;'>\n<img loading=\"lazy\" decoding=\"async\" src=\"https:\/\/www.algarve-abc.de\/ferienhaus-westalgarve\/wp-content\/uploads\/2024\/07\/CASA-Nascente-3-scaled.jpg\" width=\"2560\" height=\"1707\" alt=\"\" style='opacity: 0; display: none;' \/>\n<\/div>\n<\/div>\n<div class=\"swiper-slide\">\n<div data-thumb='https:\/\/www.algarve-abc.de\/ferienhaus-westalgarve\/wp-content\/uploads\/2024\/07\/CASA-Nascente-13-scaled.jpg' style='background-image: url(https:\/\/www.algarve-abc.de\/ferienhaus-westalgarve\/wp-content\/uploads\/2024\/07\/CASA-Nascente-13-scaled.jpg); background-position: center center; background-size: contain !important; height: 100%; background-repeat: no-repeat;'>\n<img loading=\"lazy\" decoding=\"async\" src=\"https:\/\/www.algarve-abc.de\/ferienhaus-westalgarve\/wp-content\/uploads\/2024\/07\/CASA-Nascente-13-scaled.jpg\" width=\"2560\" height=\"1707\" alt=\"\" style='opacity: 0; display: none;' \/>\n<\/div>\n<\/div>\n<div class=\"swiper-slide\">\n<div data-thumb='https:\/\/www.algarve-abc.de\/ferienhaus-westalgarve\/wp-content\/uploads\/2024\/07\/CASA-Nascente-10-scaled.jpg' style='background-image: url(https:\/\/www.algarve-abc.de\/ferienhaus-westalgarve\/wp-content\/uploads\/2024\/07\/CASA-Nascente-10-scaled.jpg); background-position: center center; background-size: contain !important; height: 100%; background-repeat: no-repeat;'>\n<img loading=\"lazy\" decoding=\"async\" src=\"https:\/\/www.algarve-abc.de\/ferienhaus-westalgarve\/wp-content\/uploads\/2024\/07\/CASA-Nascente-10-scaled.jpg\" width=\"1707\" height=\"2560\" alt=\"\" style='opacity: 0; display: none;' \/>\n<\/div>\n<\/div>\n<div class=\"swiper-slide\">\n<div data-thumb='https:\/\/www.algarve-abc.de\/ferienhaus-westalgarve\/wp-content\/uploads\/2024\/07\/CASA-Nascente-1-scaled.jpg' style='background-image: url(https:\/\/www.algarve-abc.de\/ferienhaus-westalgarve\/wp-content\/uploads\/2024\/07\/CASA-Nascente-1-scaled.jpg); background-position: center center; background-size: contain !important; height: 100%; background-repeat: no-repeat;'>\n<img loading=\"lazy\" decoding=\"async\" src=\"https:\/\/www.algarve-abc.de\/ferienhaus-westalgarve\/wp-content\/uploads\/2024\/07\/CASA-Nascente-1-scaled.jpg\" width=\"2560\" height=\"1707\" alt=\"\" style='opacity: 0; display: none;' \/>\n<\/div>\n<\/div>\n<div class=\"swiper-slide\">\n<div data-thumb='https:\/\/www.algarve-abc.de\/ferienhaus-westalgarve\/wp-content\/uploads\/2024\/07\/CASA-Nascente-2-scaled.jpg' style='background-image: url(https:\/\/www.algarve-abc.de\/ferienhaus-westalgarve\/wp-content\/uploads\/2024\/07\/CASA-Nascente-2-scaled.jpg); background-position: center center; background-size: contain !important; height: 100%; background-repeat: no-repeat;'>\n<img loading=\"lazy\" decoding=\"async\" src=\"https:\/\/www.algarve-abc.de\/ferienhaus-westalgarve\/wp-content\/uploads\/2024\/07\/CASA-Nascente-2-scaled.jpg\" width=\"1707\" height=\"2560\" alt=\"\" style='opacity: 0; display: none;' \/>\n<\/div>\n<\/div>\n<div class=\"swiper-slide\">\n<div data-thumb='https:\/\/www.algarve-abc.de\/ferienhaus-westalgarve\/wp-content\/uploads\/2024\/07\/CASA-Nascente-12-scaled.jpg' style='background-image: url(https:\/\/www.algarve-abc.de\/ferienhaus-westalgarve\/wp-content\/uploads\/2024\/07\/CASA-Nascente-12-scaled.jpg); background-position: center center; background-size: contain !important; height: 100%; background-repeat: no-repeat;'>\n<img loading=\"lazy\" decoding=\"async\" src=\"https:\/\/www.algarve-abc.de\/ferienhaus-westalgarve\/wp-content\/uploads\/2024\/07\/CASA-Nascente-12-scaled.jpg\" width=\"2560\" height=\"1707\" alt=\"\" style='opacity: 0; display: none;' \/>\n<\/div>\n<\/div>\n<div class=\"swiper-slide\">\n<div data-thumb='https:\/\/www.algarve-abc.de\/ferienhaus-westalgarve\/wp-content\/uploads\/2024\/07\/CASA-Nascente-11-scaled.jpg' style='background-image: url(https:\/\/www.algarve-abc.de\/ferienhaus-westalgarve\/wp-content\/uploads\/2024\/07\/CASA-Nascente-11-scaled.jpg); background-position: center center; background-size: contain !important; height: 100%; background-repeat: no-repeat;'>\n<img loading=\"lazy\" decoding=\"async\" src=\"https:\/\/www.algarve-abc.de\/ferienhaus-westalgarve\/wp-content\/uploads\/2024\/07\/CASA-Nascente-11-scaled.jpg\" width=\"2560\" height=\"1707\" alt=\"\" style='opacity: 0; display: none;' \/>\n<\/div>\n<\/div>\n<div class=\"swiper-slide\">\n<div data-thumb='https:\/\/www.algarve-abc.de\/ferienhaus-westalgarve\/wp-content\/uploads\/2024\/07\/CASA-Nascente-9-scaled.jpg' style='background-image: url(https:\/\/www.algarve-abc.de\/ferienhaus-westalgarve\/wp-content\/uploads\/2024\/07\/CASA-Nascente-9-scaled.jpg); background-position: center center; background-size: contain !important; height: 100%; background-repeat: no-repeat;'>\n<img loading=\"lazy\" decoding=\"async\" src=\"https:\/\/www.algarve-abc.de\/ferienhaus-westalgarve\/wp-content\/uploads\/2024\/07\/CASA-Nascente-9-scaled.jpg\" width=\"2560\" height=\"1707\" alt=\"\" style='opacity: 0; display: none;' \/>\n<\/div>\n<\/div>\n<div class=\"swiper-slide\">\n<div data-thumb='https:\/\/www.algarve-abc.de\/ferienhaus-westalgarve\/wp-content\/uploads\/2024\/07\/CASA-Nascente-8-scaled.jpg' style='background-image: url(https:\/\/www.algarve-abc.de\/ferienhaus-westalgarve\/wp-content\/uploads\/2024\/07\/CASA-Nascente-8-scaled.jpg); background-position: center center; background-size: contain !important; height: 100%; background-repeat: no-repeat;'>\n<img loading=\"lazy\" decoding=\"async\" src=\"https:\/\/www.algarve-abc.de\/ferienhaus-westalgarve\/wp-content\/uploads\/2024\/07\/CASA-Nascente-8-scaled.jpg\" width=\"1707\" height=\"2560\" alt=\"\" style='opacity: 0; display: none;' \/>\n<\/div>\n<\/div>\n<div class=\"swiper-slide\">\n<div data-thumb='https:\/\/www.algarve-abc.de\/ferienhaus-westalgarve\/wp-content\/uploads\/2024\/07\/CASA-Nascente-7-scaled.jpg' style='background-image: url(https:\/\/www.algarve-abc.de\/ferienhaus-westalgarve\/wp-content\/uploads\/2024\/07\/CASA-Nascente-7-scaled.jpg); background-position: center center; background-size: contain !important; height: 100%; background-repeat: no-repeat;'>\n<img loading=\"lazy\" decoding=\"async\" src=\"https:\/\/www.algarve-abc.de\/ferienhaus-westalgarve\/wp-content\/uploads\/2024\/07\/CASA-Nascente-7-scaled.jpg\" width=\"2560\" height=\"1707\" alt=\"\" style='opacity: 0; display: none;' \/>\n<\/div>\n<\/div>\n<\/div><\/div>\n<div class=\"swiper-pagination-test\"><\/div>\n\n<p>Esta casa est\u00e1 situada al borde del pueblecito de Pedralva, desde su terraza disfrutar\u00e1 de una vista abierta sobre todo el valle, disfrutando del olor de los \u00e1rboles de eucaliptos, Madro\u00f1o y Alcornoque que desprenden el t\u00edpico olor de la costa oeste del Algarve.<\/p>\n<table border=\"0\" cellspacing=\"0\" cellpadding=\"0\">\n<tbody>\n<tr>\n<td width=\"160\"><\/td>\n<\/tr>\n<\/tbody>\n<\/table>\n<p>La espaciosa casa dispone de una sala grande con mesa comedor para 4 personas, un sof\u00e1 cama, TV sat\u00e9lite y una cocina totalmente equipada. El dormitorio est\u00e1 dise\u00f1ado a mano y se encuentra en una entreplanta<b>,<\/b> tiene un acceso f\u00e1cil por una peque\u00f1a escalera. El ba\u00f1o est\u00e1 equipado con ducha y WC. En Pedralva tiene la posibilidad de hacer peque\u00f1as compras cotidianas. All\u00ed encontrar\u00e1 la famosa Pizzer\u00eda \u201cPizza Pazza\u201d y a un paso un delicioso restaurante portugu\u00e9s, con una terraza soleada que invita a hacer una peque\u00f1a pausa. Pedralva es una aldea tranquila donde pasar\u00e1 unas vacaciones en la naturaleza con mucho relax.<\/p>\n<p>&nbsp;<\/p>\n<p>Los precios para esta casa son:<\/p>\n<table border=\"0\">\n<tbody>\n<tr>\n<td>November &#8211; April por Noche<\/td>\n<td>1 &#8211; 2 Personen 80 \u20ac<\/td>\n<td>3 Personen 95 \u20ac<\/td>\n<td>4 Personen 110 \u20ac<\/td>\n<\/tr>\n<tr>\n<td>Mai\/Juni\/ Oktober por Noche<\/td>\n<td>1 &#8211; 2 Personen 85 \u20ac<\/td>\n<td>3 Personen 100 \u20ac<\/td>\n<td>4 Personen 115 \u20ac<\/td>\n<\/tr>\n<tr>\n<td>Juli\/August\/September por Noche<\/td>\n<td>1 &#8211; 2 Personen 90 \u20ac<\/td>\n<td>3 Personen 105 \u20ac<\/td>\n<td>4 Personen 120 \u20ac<\/td>\n<\/tr>\n<\/tbody>\n<\/table>\n<ul>\n<li>Tel +49 (0) 8431 431 2969<br \/>\nFax +49 (0) 8431 43129690<\/li>\n<li><\/li>\n<li>por favor inf\u00f3rmese <a href=\"mailto:appartement-pedralva@gmx.net?subject=Anfrage&amp;body=Ich%20interessiere%20mich%20f%C3%BCr%20ein%20Ferienhaus.\">aqu\u00ed v\u00eda Mail<\/a><\/li>\n<li><a href=\"https:\/\/www.lorenz-iblher.com\/fotografo-de-imoveis-fotografia-de-interiores-apartamentos-moradias-escritorios-lojas-arquitetura\/\" rel=\"nofollow \">Os nossos im\u00f3veis foram fotografados por Lorenz Iblher Photography<\/a><\/li>\n<\/ul>\n","protected":false},"excerpt":{"rendered":"<p>Casa de vacaciones en Pedralva\u00a0 Esta casa est\u00e1 situada al borde del pueblecito de Pedralva, desde su terraza disfrutar\u00e1 de una vista abierta sobre todo el valle, disfrutando del olor de los \u00e1rboles de eucaliptos, Madro\u00f1o y Alcornoque que desprenden el t\u00edpico olor de la costa oeste del Algarve. La espaciosa casa dispone de una [&hellip;]<\/p>\n","protected":false},"author":2,"featured_media":0,"parent":0,"menu_order":0,"comment_status":"closed","ping_status":"closed","template":"page-templates\/page-full-width.php","meta":{"om_disable_all_campaigns":false,"_monsterinsights_skip_tracking":false,"_monsterinsights_sitenote_active":false,"_monsterinsights_sitenote_note":"","_monsterinsights_sitenote_category":0,"footnotes":""},"tags":[],"class_list":["post-3470","page","type-page","status-publish","hentry"],"aioseo_notices":[],"_links":{"self":[{"href":"https:\/\/www.algarve-abc.de\/ferienhaus-westalgarve\/wp-json\/wp\/v2\/pages\/3470","targetHints":{"allow":["GET"]}}],"collection":[{"href":"https:\/\/www.algarve-abc.de\/ferienhaus-westalgarve\/wp-json\/wp\/v2\/pages"}],"about":[{"href":"https:\/\/www.algarve-abc.de\/ferienhaus-westalgarve\/wp-json\/wp\/v2\/types\/page"}],"author":[{"embeddable":true,"href":"https:\/\/www.algarve-abc.de\/ferienhaus-westalgarve\/wp-json\/wp\/v2\/users\/2"}],"replies":[{"embeddable":true,"href":"https:\/\/www.algarve-abc.de\/ferienhaus-westalgarve\/wp-json\/wp\/v2\/comments?post=3470"}],"version-history":[{"count":7,"href":"https:\/\/www.algarve-abc.de\/ferienhaus-westalgarve\/wp-json\/wp\/v2\/pages\/3470\/revisions"}],"predecessor-version":[{"id":3768,"href":"https:\/\/www.algarve-abc.de\/ferienhaus-westalgarve\/wp-json\/wp\/v2\/pages\/3470\/revisions\/3768"}],"wp:attachment":[{"href":"https:\/\/www.algarve-abc.de\/ferienhaus-westalgarve\/wp-json\/wp\/v2\/media?parent=3470"}],"wp:term":[{"taxonomy":"post_tag","embeddable":true,"href":"https:\/\/www.algarve-abc.de\/ferienhaus-westalgarve\/wp-json\/wp\/v2\/tags?post=3470"}],"curies":[{"name":"wp","href":"https:\/\/api.w.org\/{rel}","templated":true}]}}