{"id":3510,"date":"2022-02-20T10:44:49","date_gmt":"2022-02-20T09:44:49","guid":{"rendered":"https:\/\/www.algarve-abc.de\/?page_id=3510"},"modified":"2022-02-20T10:44:49","modified_gmt":"2022-02-20T09:44:49","slug":"pago-y-cancelacion","status":"publish","type":"page","link":"https:\/\/www.algarve-abc.de\/ferienhaus-westalgarve\/pago-y-cancelacion\/","title":{"rendered":"pago y cancelaci\u00f3n"},"content":{"rendered":"<h3><\/h3>\n<p>Las siguientes condiciones de dep\u00f3sito, pago y cancelaci\u00f3n que se aplican a nuestras casas son las siguientes:<\/p>\n<p>1. DEP\u00d3SITO<br \/>\nHay que pagar un dep\u00f3sito del 10% en el momento de la reserva. En caso de anulaci\u00f3n, se perder\u00e1 el derecho a la misma.<\/p>\n<p>El dep\u00f3sito m\u00ednimo es de 50,- euros.<\/p>\n<p>2. PAGO<br \/>\nEl resto del importe se debe abonar en efectivo cuando se entregan las llaves.<br \/>\n&#x203c;&#xfe0f;Si (no se inicia la reserva o) se acorta el periodo de alquiler, se mantiene el importe total del alquiler.<\/p>\n<p>3. ANULACI\u00d3N<br \/>\n60 d\u00edas antes del inicio del periodo de alquiler: Gastos de cancelaci\u00f3n = 50%.<br \/>\n30 d\u00edas antes del inicio del periodo de alquiler: Gastos de anulaci\u00f3n = 75%.<br \/>\nA menos de 30 d\u00edas se debe pagar el precio total del alquiler.<\/p>\n<h3><\/h3>\n<ul>\n<li><\/li>\n<\/ul>\n","protected":false},"excerpt":{"rendered":"<p>Las siguientes condiciones de dep\u00f3sito, pago y cancelaci\u00f3n que se aplican a nuestras casas son las siguientes: 1. DEP\u00d3SITO Hay que pagar un dep\u00f3sito del 10% en el momento de la reserva. En caso de anulaci\u00f3n, se perder\u00e1 el derecho a la misma. El dep\u00f3sito m\u00ednimo es de 50,- euros. 2. PAGO El resto del [&hellip;]<\/p>\n","protected":false},"author":2,"featured_media":0,"parent":0,"menu_order":0,"comment_status":"closed","ping_status":"closed","template":"page-templates\/page-full-width.php","meta":{"om_disable_all_campaigns":false,"_monsterinsights_skip_tracking":false,"_monsterinsights_sitenote_active":false,"_monsterinsights_sitenote_note":"","_monsterinsights_sitenote_category":0,"footnotes":""},"tags":[],"class_list":["post-3510","page","type-page","status-publish","hentry"],"aioseo_notices":[],"_links":{"self":[{"href":"https:\/\/www.algarve-abc.de\/ferienhaus-westalgarve\/wp-json\/wp\/v2\/pages\/3510","targetHints":{"allow":["GET"]}}],"collection":[{"href":"https:\/\/www.algarve-abc.de\/ferienhaus-westalgarve\/wp-json\/wp\/v2\/pages"}],"about":[{"href":"https:\/\/www.algarve-abc.de\/ferienhaus-westalgarve\/wp-json\/wp\/v2\/types\/page"}],"author":[{"embeddable":true,"href":"https:\/\/www.algarve-abc.de\/ferienhaus-westalgarve\/wp-json\/wp\/v2\/users\/2"}],"replies":[{"embeddable":true,"href":"https:\/\/www.algarve-abc.de\/ferienhaus-westalgarve\/wp-json\/wp\/v2\/comments?post=3510"}],"version-history":[{"count":0,"href":"https:\/\/www.algarve-abc.de\/ferienhaus-westalgarve\/wp-json\/wp\/v2\/pages\/3510\/revisions"}],"wp:attachment":[{"href":"https:\/\/www.algarve-abc.de\/ferienhaus-westalgarve\/wp-json\/wp\/v2\/media?parent=3510"}],"wp:term":[{"taxonomy":"post_tag","embeddable":true,"href":"https:\/\/www.algarve-abc.de\/ferienhaus-westalgarve\/wp-json\/wp\/v2\/tags?post=3510"}],"curies":[{"name":"wp","href":"https:\/\/api.w.org\/{rel}","templated":true}]}}